{"id":1011,"date":"2018-03-27T17:00:43","date_gmt":"2018-03-27T15:00:43","guid":{"rendered":"http:\/\/www.rupprecht-gymnasium-freunde.de\/?page_id=1011"},"modified":"2018-03-27T17:00:43","modified_gmt":"2018-03-27T15:00:43","slug":"einladung-zum-besuch-der-ohel-jakob-synagoge","status":"publish","type":"page","link":"http:\/\/rupprecht-gymnasium-foerderverein.de\/?page_id=1011","title":{"rendered":"Einladung zum Besuch der Ohel-Jakob-Synagoge"},"content":{"rendered":"<p><span style=\"font-family: 'Arial',sans-serif;\">Liebe Freunde und Ehemalige des Rupprecht-Gymnasiums,<\/span><\/p>\n<p>wie verspochen wollen wir die im letzten Jahr so nachgefragte<\/p>\n<p>F\u00fchrung in der M\u00fcnchner <b><u>Ohel-Jakob-Synagoge<\/u><\/b> am <b><u>Montag, 25.06.2018 um 18.00 Uhr<\/u><\/b> erneut anbieten.<\/p>\n<p><b>Treffpunkt<\/b> ist um <b><u>17.30 Uhr<\/u> <\/b>am Eingang des j\u00fcdischen Gemeindezentrums am St.-Jakobs-Platz 18, 80331 M\u00fcnchen (<cite><span style=\"font-family: 'Arial',sans-serif; color: #666666; font-style: normal;\"><a href=\"http:\/\/www.juedischeszentrumjakobsplatz.de\">www.juedischeszentrumjakobsplatz.de<\/a><\/span><\/cite><cite><span style=\"font-family: 'Arial',sans-serif; font-style: normal;\">)<\/span><\/cite><i>.<br \/>\n<\/i><br \/>\nDa wir alle Teilnehmer fristgerecht und pers\u00f6nlich anmelden m\u00fcssen, bitten wir um Ihre verbindliche, <b><u>namentliche Zusage<\/u><\/b> (Vor- und Nachnamen) bis<u> <b>sp\u00e4testens 13.05.2018<\/b>.<\/u><\/p>\n<p><span style=\"font-family: 'Arial',sans-serif;\">Interessenten, denen wir im letzten Jahr absagen mussten, werden bevorzugt ber\u00fccksichtigt. Falls unser Kontingent von 30 Teilnehmern wieder \u00fcberschritten wird, werden wir die \u00fcbrigen Pl\u00e4tze nach Eingang Ihrer Anmeldung vergeben. Sie erhalten in jedem Fall eine R\u00fcckmeldung.<\/span><\/p>\n<p><span style=\"font-family: 'Arial',sans-serif;\">Wenn eine Platzreservierung im \u201eEinstein\u201c gew\u00fcnscht wird, bitten wir das ebenfalls anzumelden. Um <b>Eintritt und F\u00fchrung<\/b> zu finanzieren, bitten wir hierf\u00fcr um einen Mindestbeitrag von <b>5 \u20ac <\/b>(vor Ort bar zu bezahlen).<\/span><\/p>\n<p>Die gesamte F\u00fchrung dauert wieder etwa eine Stunde. Sie ist barrierefrei, Rollstuhlfahrer sollten jedoch angemeldet werden. Fotografieren zu privaten Zwecken ist uneingeschr\u00e4nkt erlaubt.<\/p>\n<p>Im Anschluss k\u00f6nnen wir unsere Eindr\u00fccke im koscheren Restaurant \u201eEinstein\u201c nachwirken lassen.<\/p>\n<p>Wir bitten Sie, f\u00fcr die F\u00fchrung folgende Bestimmungen zu beachten:<\/p>\n<p>\u25cf Alle Teilnehmer \u00fcber 16 Jahre m\u00fcssen sich ausweisen k\u00f6nnen.<\/p>\n<p>\u25cf Alle m\u00e4nnlichen Teilnehmer ben\u00f6tigen eine Kopfbedeckung (M\u00fctze, Hut, Kippa).<\/p>\n<p>\u25cf Um dem sakralen Charakter der Synagoge zu entsprechen, wird generell um angemessene Kleidung gebeten.<\/p>\n<p>\u25cf Mitgef\u00fchrtes Gep\u00e4ck (Taschen, Rucks\u00e4cke, etc.) wird kontrolliert. Da es vor Ort keine Aufbewahrungsm\u00f6glichkeit gibt, bitten wir, nach M\u00f6glichkeit darauf zu verzichten.<\/p>\n<p><span style=\"font-family: 'Arial',sans-serif;\">Sie erreichen uns per E-Mail unter: <b><a href=\"mailto:freunde@rupprecht-gymnasium.de\">freunde@rupprecht-gymnasium.de<\/a><\/b><\/span><\/p>\n<p>Bitte denken Sie an eine eindeutige <b>Absenderangabe<\/b> (Name, Vorname, Anschrift, Tel., bzw. E-Mail), damit wir Ihnen die n\u00f6tigen Informationen zukommen lassen und Sie auch rechtzeitig \u00fcber m\u00f6gliche \u00c4nderungen informieren k\u00f6nnen!<\/p>\n<p>Mit herzlichen Gr\u00fc\u00dfen<br \/>\nRainer Volkmann<br \/>\nVorsitzender der Freunde des Rupprecht-Gymnasiums e. V.<\/p>\n","protected":false},"excerpt":{"rendered":"<p>Liebe Freunde und Ehemalige des Rupprecht-Gymnasiums, wie verspochen wollen wir die im letzten Jahr so nachgefragte F\u00fchrung in der M\u00fcnchner Ohel-Jakob-Synagoge am Montag, 25.06.2018 um 18.00 Uhr erneut anbieten. Treffpunkt ist um 17.30 Uhr am Eingang des j\u00fcdischen Gemeindezentrums am &hellip; <a href=\"http:\/\/rupprecht-gymnasium-foerderverein.de\/?page_id=1011\">Weiterlesen <span class=\"meta-nav\">&rarr;<\/span><\/a><\/p>\n","protected":false},"author":2,"featured_media":0,"parent":0,"menu_order":0,"comment_status":"closed","ping_status":"closed","template":"","meta":{"footnotes":""},"class_list":["post-1011","page","type-page","status-publish","hentry"],"_links":{"self":[{"href":"http:\/\/rupprecht-gymnasium-foerderverein.de\/index.php?rest_route=\/wp\/v2\/pages\/1011","targetHints":{"allow":["GET"]}}],"collection":[{"href":"http:\/\/rupprecht-gymnasium-foerderverein.de\/index.php?rest_route=\/wp\/v2\/pages"}],"about":[{"href":"http:\/\/rupprecht-gymnasium-foerderverein.de\/index.php?rest_route=\/wp\/v2\/types\/page"}],"author":[{"embeddable":true,"href":"http:\/\/rupprecht-gymnasium-foerderverein.de\/index.php?rest_route=\/wp\/v2\/users\/2"}],"replies":[{"embeddable":true,"href":"http:\/\/rupprecht-gymnasium-foerderverein.de\/index.php?rest_route=%2Fwp%2Fv2%2Fcomments&post=1011"}],"version-history":[{"count":1,"href":"http:\/\/rupprecht-gymnasium-foerderverein.de\/index.php?rest_route=\/wp\/v2\/pages\/1011\/revisions"}],"predecessor-version":[{"id":1012,"href":"http:\/\/rupprecht-gymnasium-foerderverein.de\/index.php?rest_route=\/wp\/v2\/pages\/1011\/revisions\/1012"}],"wp:attachment":[{"href":"http:\/\/rupprecht-gymnasium-foerderverein.de\/index.php?rest_route=%2Fwp%2Fv2%2Fmedia&parent=1011"}],"curies":[{"name":"wp","href":"https:\/\/api.w.org\/{rel}","templated":true}]}}