{"id":1218,"date":"2020-09-27T17:07:59","date_gmt":"2020-09-27T15:07:59","guid":{"rendered":"http:\/\/rupprecht-gymnasium-foerderverein.de\/?page_id=1218"},"modified":"2020-11-25T18:35:19","modified_gmt":"2020-11-25T17:35:19","slug":"absage-des-jahrestreffens-2020","status":"publish","type":"page","link":"http:\/\/rupprecht-gymnasium-foerderverein.de\/?page_id=1218","title":{"rendered":"Absage des Jahrestreffens 2020"},"content":{"rendered":"\n<p>Liebe Freunde des Rupprecht-Gymnasiums,<br><br>seit nunmehr 15 Jahren laden wir Sie um diese Zeit zum gro\u00dfen Stammtisch aller Absolventenjahrg\u00e4nge des Rupprecht-Gymnasiums ein und f\u00fchren damit eine viele Jahrzehnte zur\u00fcckreichende Tradition der Sch\u00fclerverbindung Rupprechtia fort.<br><br>Es wird Sie nicht sonderlich \u00fcberraschen, dass wir in diesem Jahr \u2013 schweren Herzens \u2013 auf unser Jahrestreffen verzichten m\u00fcssen. Unser st\u00e4ndiger, ungeliebter Begleiter Covid 19 hat leider eine verl\u00e4ssliche Planung unm\u00f6glich gemacht.<br><br>Im Wesentlichen m\u00fcssen wir aus drei Gr\u00fcnden absagen:<br><br>Die Infektionsschutzma\u00dfnahmen waren und sind so unkalkulierbar, dass wir eine \u00f6ffentliche Veranstaltung mit 100 und mehr Teilnehmern in einem geschlossenen Raum einfach nicht organisieren konnten.<br>Bedingt durch die Bauma\u00dfnahmen an der Schule (Abriss der Mensa) h\u00e4tten wir in der Pandemiesituation zudem einen Veranstaltungsort au\u00dferhalb der Schule buchen m\u00fcssen. Das h\u00e4tte ein ebenfalls unkalkulierbares finanzielles Risiko f\u00fcr uns bedeutet.<br>Als wichtigster Grund erschien uns aber die Verantwortung, die wir als Veranstalter f\u00fcr die Gesundheit unserer Teilnehmer empfunden h\u00e4tten. Gerade die beim Jahrestreffen regelm\u00e4\u00dfig gut vertretenen \u00e4lteren Jahrg\u00e4nge geh\u00f6ren teilweise bereits zu Risikogruppen. Wir h\u00e4tten es uns nicht verzeihen k\u00f6nnen, wenn auch nur eine\/r unter Ihnen wegen unseres Treffens wom\u00f6glich schwer erkrankt w\u00e4re.<br><br>Wir hoffen, Sie haben Verst\u00e4ndnis f\u00fcr unsere Entscheidung.<br><br>Als notorische Optimisten sind wir aber finster entschlossen, unsere lieb gewordene Tradition zum <strong>Jahrestreffen 2021<\/strong> wieder aufleben zu lassen. Wir hoffen, dass bis im n\u00e4chsten Herbst wieder so viel Normalit\u00e4t zur\u00fcckgekehrt ist, dass wir uns alle unbeschwert und umso fr\u00f6hlicher wiedersehen k\u00f6nnen. Merken Sie sich also heute schon<\/p>\n\n\n\n<p class=\"has-text-align-center\"><br><strong><u>Freitag, den 22. Oktober 2021<\/u><\/strong><\/p>\n\n\n\n<p><br>f\u00fcr unser n\u00e4chstes Treffen vor.<br><br>Sicher haben Sie die Entwicklung an den bayerischen Schulen w\u00e4hrend des Lockdowns und danach mitverfolgt. Auch f\u00fcr unser Rupprecht-Gymnasium war das zweite Schulhalbjahr von gro\u00dfen Herausforderungen gepr\u00e4gt und stand im Zeichen st\u00e4ndiger Improvisation.<br><br>Das neue Schuljahr wird sicher weitere \u00dcberraschungen mit sich bringen und das bisher so vorbildliche Engagement der ganzen Schulfamilie weiter fordern. Sowohl der Freistaat Bayern wie auch die Landeshauptstadt M\u00fcnchen als Sachaufwandstr\u00e4ger versuchen die Rahmenbedingungen zu schaffen, dass Schule auch unter Corona-Bedingungen gelingen kann.<br><br>Auch wenn wir in alter Verbundenheit unserem RG in dieser speziellen Situation besonders helfen wollen \u2013 unsere M\u00f6glichkeiten als Ehemalige sind nat\u00fcrlich begrenzt. Wir wollen und d\u00fcrfen auch nicht mit den \u00f6ffentlichen Schultr\u00e4gern konkurrieren. Aber eines k\u00f6nnten wir anbieten:<br>Wir k\u00f6nnen in bescheidenem Rahmen kurzfristig finanziell einspringen, wenn sofort improvisiert oder geholfen werden muss, d. h. die manchmal schwerf\u00e4lligere Kultusb\u00fcrokratie oder Stadtverwaltung nicht spontan reagieren k\u00f6nnen.<br>Diese <strong>finanzielle Unterst\u00fctzung<\/strong> der Schule, w\u00e4re ohne Ihre andauernde Spendenbereitschaft nicht m\u00f6glich. Ein \u00dcberblick \u00fcber die Verwendung Ihrer Spenden im letzten Jahr liegt bei.<\/p>\n\n\n\n<p class=\"has-text-align-center\"><br><strong>F\u00fcr die Zuwendungen danken wir allen Spendern ganz herzlich!<\/strong><\/p>\n\n\n\n<p><br>Wir wissen aktuell noch nicht, f\u00fcr welche Aufgaben und in welchem Umfang das RG im neuen Schuljahr unsere Unterst\u00fctzung ben\u00f6tigen wird. Um jedoch zu zeigen, dass die Schule gerade in Krisensituationen auch auf ihre ehemaligen Mitglieder z\u00e4hlen kann, wollen wir Sie besonders in diesem Jahr um eine <strong>m\u00f6glichst gro\u00dfz\u00fcgige Spende<\/strong> bitten.<br><\/p>\n\n\n\n<p class=\"has-text-align-center\"><strong>Bankverbindung: M\u00fcnchner Bank eG, IBAN: DE67 7019 0000 0002 0057 78<\/strong><\/p>\n\n\n\n<p><br>Die \u201eFreunde des RGM e. V.\u201c sind als gemeinn\u00fctzig anerkannt, Sie k\u00f6nnen Ihre <strong>Zuwendung<\/strong> daher in vollem Umfang <strong>steuerlich absetzen<\/strong>. Bis zu einem Betrag von 200 \u20ac gen\u00fcgt die Vorlage des \u00dcberweisungstr\u00e4gers\/Kontoauszugs. Als Verwendungszweck sollte (auch bei Online- oder Telefonbanking) angegeben werden:<\/p>\n\n\n\n<p class=\"has-text-align-center\"><strong>Mit Freistellungsbescheid des FA M\u00fcnchen f\u00fcr K\u00f6rperschaften, St. Nr. 143\/215\/00189, vom 19.12.2017, als gemeinn\u00fctziger Zweck anerkannt.<\/strong><\/p>\n\n\n\n<p>F\u00fcr h\u00f6here Spenden erhalten Sie von uns selbstverst\u00e4ndlich eine Spendenbescheinigung (in diesem Fall tragen Sie im Verwendungszweck lediglich das Stichwort \u201eSpende\u201c und Ihre Adresse ein).<br>Falls Sie den Kontakt zur Schule \u00fcber eine Mitgliedschaft bei den Freunden des RGM e. V. vertiefen wollen, nehmen wir nat\u00fcrlich sehr gerne Ihre <strong><a href=\"http:\/\/rupprecht-gymnasium-foerderverein.de\/?page_id=205\">Beitrittserkl\u00e4rung<\/a><\/strong> entgegen.<br>Die Erkl\u00e4rung k\u00f6nnen Sie auf unserer Internetseite herunterladen. Inzwischen verf\u00fcgen wir auch \u00fcber zahlreiche Adressen. Wenn Sie also Kontakt zu Ihren ehemaligen Mitsch\u00fclern suchen, helfen wir gerne. Andererseits sind wir Ihnen aber auch sehr dankbar, wenn Sie uns Ihre <strong>aktuellen Adressenlisten<\/strong> zur Verf\u00fcgung stellen.<br>Wir w\u00fcrden uns \u00fcber Ihre Spende und\/oder Ihren Vereinsbeitritt sehr freuen und w\u00fcnschen Ihnen bis zu unserem Wiedersehen 2021 alles Gute \u2013 bleiben Sie gesund!<br><br>Mit herzlichen Gr\u00fc\u00dfen<br>gez.<br>Bernhard Schmidt<br>Vorsitzender der Freunde des RGM e. V.<\/p>\n","protected":false},"excerpt":{"rendered":"<p>Liebe Freunde des Rupprecht-Gymnasiums, seit nunmehr 15 Jahren laden wir Sie um diese Zeit zum gro\u00dfen Stammtisch aller Absolventenjahrg\u00e4nge des Rupprecht-Gymnasiums ein und f\u00fchren damit eine viele Jahrzehnte zur\u00fcckreichende Tradition der Sch\u00fclerverbindung Rupprechtia fort. Es wird Sie nicht sonderlich \u00fcberraschen, &hellip; <a href=\"http:\/\/rupprecht-gymnasium-foerderverein.de\/?page_id=1218\">Weiterlesen <span class=\"meta-nav\">&rarr;<\/span><\/a><\/p>\n","protected":false},"author":2,"featured_media":0,"parent":0,"menu_order":0,"comment_status":"closed","ping_status":"closed","template":"","meta":{"footnotes":""},"class_list":["post-1218","page","type-page","status-publish","hentry"],"_links":{"self":[{"href":"http:\/\/rupprecht-gymnasium-foerderverein.de\/index.php?rest_route=\/wp\/v2\/pages\/1218","targetHints":{"allow":["GET"]}}],"collection":[{"href":"http:\/\/rupprecht-gymnasium-foerderverein.de\/index.php?rest_route=\/wp\/v2\/pages"}],"about":[{"href":"http:\/\/rupprecht-gymnasium-foerderverein.de\/index.php?rest_route=\/wp\/v2\/types\/page"}],"author":[{"embeddable":true,"href":"http:\/\/rupprecht-gymnasium-foerderverein.de\/index.php?rest_route=\/wp\/v2\/users\/2"}],"replies":[{"embeddable":true,"href":"http:\/\/rupprecht-gymnasium-foerderverein.de\/index.php?rest_route=%2Fwp%2Fv2%2Fcomments&post=1218"}],"version-history":[{"count":5,"href":"http:\/\/rupprecht-gymnasium-foerderverein.de\/index.php?rest_route=\/wp\/v2\/pages\/1218\/revisions"}],"predecessor-version":[{"id":1235,"href":"http:\/\/rupprecht-gymnasium-foerderverein.de\/index.php?rest_route=\/wp\/v2\/pages\/1218\/revisions\/1235"}],"wp:attachment":[{"href":"http:\/\/rupprecht-gymnasium-foerderverein.de\/index.php?rest_route=%2Fwp%2Fv2%2Fmedia&parent=1218"}],"curies":[{"name":"wp","href":"https:\/\/api.w.org\/{rel}","templated":true}]}}