{"id":1273,"date":"2022-10-03T16:29:52","date_gmt":"2022-10-03T14:29:52","guid":{"rendered":"http:\/\/rupprecht-gymnasium-foerderverein.de\/?page_id=1273"},"modified":"2022-10-03T16:33:05","modified_gmt":"2022-10-03T14:33:05","slug":"bericht-des-vorstands-zur-mitgliederversammlung-20211","status":"publish","type":"page","link":"http:\/\/rupprecht-gymnasium-foerderverein.de\/?page_id=1273","title":{"rendered":"Bericht des Vorstands zur Mitgliederversammlung 2021"},"content":{"rendered":"\n<p><strong>T\u00e4tigkeitsbericht des Vorstands 2021 (ab Mitgliederversammlung 2019)<\/strong><br><br>Der Verein hat derzeit <strong>120 Mitglieder<\/strong>, davon <strong>73 zahlende<\/strong>.<br>Seit der Mitgliederversammlung 2019 wurden in <strong>8 Vorstandssitzungen<\/strong> folgende Inhalte verfolgt:<br><br><strong>Coronabedingte Entscheidungen<\/strong><br>Die pr\u00e4senzorientierte Vereinst\u00e4tigkeit wurde auf das Notwendige und das regelkonform M\u00f6gliche reduziert.<br><br><strong>Veranstaltungen:<\/strong><br>Wegen der o. g. Einschr\u00e4nkungen musste die f\u00fcr Juni 2020 bereits vereinbarte Stadtteilf\u00fchrung (18.06.20: \u201eNeuhausen vom Dorf zum Stadtteil\u201c) entfallen.<br>Die Mitgliederversammlung und das Jahrestreffen 2020 mussten wegen der Kontaktbeschr\u00e4nkungen ersatzlos entfallen.<br><br><strong>\u00d6ffentlichkeitsarbeit \/ Mitgliederwerbung:<\/strong><br>Im Mittelpunkt stand die Aufrechterhaltung des Kontakts zur Schule, um auf m\u00f6gliche Bed\u00fcrfnisse, d. h. finanziellen Unterst\u00fctzungsbedarf der Schule w\u00e4hrend der einzelnen Phasen improvisierten Schullebens (Distanz- und Wechselunterricht) reagieren zu k\u00f6nnen. Das generelle Unterst\u00fctzungsangebot der FRG wurde in dieser Zeit jedoch nicht in Anspruch genommen \u2013 finanziell bestanden keine Probleme.<br>Die Mitgliederwerbung und Bem\u00fchungen um Erh\u00f6hung des Spendenaufkommens wurden insbesondere \u00fcber schriftliche Medien fortgef\u00fchrt: Rundschreiben, Beitr\u00e4ge der FRG in den Elternbriefen der Schulleitung und den offiziellen Jahresberichten 2020 und 2021 des RG, Anzeigen der FRG in der Sch\u00fclerzeitung \u201eeXpresso\u201c und den Abi-Zeitungen der Jahrg\u00e4nge 2020 und 2021.<br>Der Austausch mit dem Personalrat des RG wurde durch regelm\u00e4\u00dfige Einladung zu den Vorstandssitzungen fortgef\u00fchrt.<br>Die Kontaktdatensammlung bei den Abi-Jahrg\u00e4ngen hat dank hochengagierter Unterst\u00fctzung durch die SMV gut funktioniert.<br><br><strong>Internetauftritt der FRG:<\/strong><br>Die Homepage ist aktualisiert und mit mehr Informationen sowie Bildern zu wichtigen Ereignissen bef\u00fcllt. Die laufende Betreuung der Seite wurde von Herrn Wagner fortgef\u00fchrt.<br><br><strong>Ganztagsangebot \/ Nachmittagsbetreuung:<\/strong><br>Die FRG begleiten das Projekt weiterhin und unterst\u00fctzen fallweise durch Zusch\u00fcsse f\u00fcr die Sachausstattung.<br><br><strong>Projekt \u201eAHA!\u201c:<\/strong><br>F\u00fcr das Projekt \u201eAlumni helfen Abiturienten\u201c haben sich \u00fcber 40 Ehemalige aus 17 Ausbildungs- bzw. Fachrichtungen angeboten. Die Verkn\u00fcpfung und Abstimmung mit dem berufsorientierten Seminar (P-Seminar in der Oberstufe des G8) l\u00e4uft.<br>Nachfragen sind seit der letzten Mitgliederversammlung leider nicht eingegangen.<br>Sanierung und Erweiterung des Schulgeb\u00e4udes<br>Die Neubauma\u00dfnahme und ist offensichtlich im Zeitplan, die Interimsl\u00f6sungen werden gut angenommen und sind qualitativ hervorragend (\u201eKleines RG\u201c).<\/p>\n","protected":false},"excerpt":{"rendered":"<p>T\u00e4tigkeitsbericht des Vorstands 2021 (ab Mitgliederversammlung 2019) Der Verein hat derzeit 120 Mitglieder, davon 73 zahlende.Seit der Mitgliederversammlung 2019 wurden in 8 Vorstandssitzungen folgende Inhalte verfolgt: Coronabedingte EntscheidungenDie pr\u00e4senzorientierte Vereinst\u00e4tigkeit wurde auf das Notwendige und das regelkonform M\u00f6gliche reduziert. Veranstaltungen:Wegen &hellip; <a href=\"http:\/\/rupprecht-gymnasium-foerderverein.de\/?page_id=1273\">Weiterlesen <span class=\"meta-nav\">&rarr;<\/span><\/a><\/p>\n","protected":false},"author":2,"featured_media":0,"parent":0,"menu_order":0,"comment_status":"closed","ping_status":"closed","template":"","meta":{"footnotes":""},"class_list":["post-1273","page","type-page","status-publish","hentry"],"_links":{"self":[{"href":"http:\/\/rupprecht-gymnasium-foerderverein.de\/index.php?rest_route=\/wp\/v2\/pages\/1273","targetHints":{"allow":["GET"]}}],"collection":[{"href":"http:\/\/rupprecht-gymnasium-foerderverein.de\/index.php?rest_route=\/wp\/v2\/pages"}],"about":[{"href":"http:\/\/rupprecht-gymnasium-foerderverein.de\/index.php?rest_route=\/wp\/v2\/types\/page"}],"author":[{"embeddable":true,"href":"http:\/\/rupprecht-gymnasium-foerderverein.de\/index.php?rest_route=\/wp\/v2\/users\/2"}],"replies":[{"embeddable":true,"href":"http:\/\/rupprecht-gymnasium-foerderverein.de\/index.php?rest_route=%2Fwp%2Fv2%2Fcomments&post=1273"}],"version-history":[{"count":2,"href":"http:\/\/rupprecht-gymnasium-foerderverein.de\/index.php?rest_route=\/wp\/v2\/pages\/1273\/revisions"}],"predecessor-version":[{"id":1276,"href":"http:\/\/rupprecht-gymnasium-foerderverein.de\/index.php?rest_route=\/wp\/v2\/pages\/1273\/revisions\/1276"}],"wp:attachment":[{"href":"http:\/\/rupprecht-gymnasium-foerderverein.de\/index.php?rest_route=%2Fwp%2Fv2%2Fmedia&parent=1273"}],"curies":[{"name":"wp","href":"https:\/\/api.w.org\/{rel}","templated":true}]}}