{"id":129,"date":"2013-09-21T19:21:27","date_gmt":"2013-09-21T17:21:27","guid":{"rendered":"http:\/\/www.rupprecht-gymnasium-foerderverein.de\/?page_id=129"},"modified":"2017-01-27T17:33:46","modified_gmt":"2017-01-27T16:33:46","slug":"foto-galerie","status":"publish","type":"page","link":"http:\/\/rupprecht-gymnasium-foerderverein.de\/?page_id=129","title":{"rendered":"Foto-Galerie"},"content":{"rendered":"<p><a href=\"http:\/\/www.rupprecht-gymnasium-freunde.de\/?page_id=854\">Jahrestreffen 2016<\/a><\/p>\n<p><a href=\"http:\/\/www.rupprecht-gymnasium-freunde.de\/?page_id=708\">Jahrestreffen 2015<\/a><\/p>\n<p><a title=\"Basketballer in neuen Trikots\" href=\"http:\/\/www.rupprecht-gymnasium-freunde.de\/?page_id=507\" target=\"_blank\">Basketballer in neuen Trikots<\/a><\/p>\n<p><a title=\"Jahrestreffen 2014\" href=\"http:\/\/www.rupprecht-gymnasium-freunde.de\/?page_id=429\" target=\"_blank\">Jahrestreffen 2014<\/a><\/p>\n<p><a title=\"Sommerfest 2014: \u00dcbergabe neuer B\u00e4lle\" href=\"http:\/\/www.rupprecht-gymnasium-foerderverein.de\/?page_id=400\">Sommerfest 2014: \u00dcbergabe neuer B\u00e4lle<\/a><\/p>\n<p><a title=\"Jahrestreffen 2013\" href=\"http:\/\/www.rupprecht-gymnasium-freunde.de\/?page_id=224\" target=\"_blank\">Jahrestreffen 2013<\/a><\/p>\n<p><a title=\"Sommerfest 2013\" href=\"http:\/\/www.rupprecht-gymnasium-foerderverein.de\/?page_id=94\" target=\"_blank\">Sommerfest 2013<\/a><\/p>\n<p><a title=\"Sportf\u00f6rderung 2013 durch neue B\u00e4lle\" href=\"http:\/\/www.rupprecht-gymnasium-foerderverein.de\/?page_id=143\">Sportf\u00f6rderung 2013 durch neue B\u00e4lle<\/a><\/p>\n<p><a title=\"Abi-Preisverleihung 2013\" href=\"http:\/\/www.rupprecht-gymnasium-foerderverein.de\/?page_id=134\">Abi-Preisverleihung 2013<\/a><\/p>\n","protected":false},"excerpt":{"rendered":"<p>Jahrestreffen 2016 Jahrestreffen 2015 Basketballer in neuen Trikots Jahrestreffen 2014 Sommerfest 2014: \u00dcbergabe neuer B\u00e4lle Jahrestreffen 2013 Sommerfest 2013 Sportf\u00f6rderung 2013 durch neue B\u00e4lle Abi-Preisverleihung 2013<\/p>\n","protected":false},"author":2,"featured_media":0,"parent":0,"menu_order":0,"comment_status":"closed","ping_status":"closed","template":"","meta":{"footnotes":""},"class_list":["post-129","page","type-page","status-publish","hentry"],"_links":{"self":[{"href":"http:\/\/rupprecht-gymnasium-foerderverein.de\/index.php?rest_route=\/wp\/v2\/pages\/129","targetHints":{"allow":["GET"]}}],"collection":[{"href":"http:\/\/rupprecht-gymnasium-foerderverein.de\/index.php?rest_route=\/wp\/v2\/pages"}],"about":[{"href":"http:\/\/rupprecht-gymnasium-foerderverein.de\/index.php?rest_route=\/wp\/v2\/types\/page"}],"author":[{"embeddable":true,"href":"http:\/\/rupprecht-gymnasium-foerderverein.de\/index.php?rest_route=\/wp\/v2\/users\/2"}],"replies":[{"embeddable":true,"href":"http:\/\/rupprecht-gymnasium-foerderverein.de\/index.php?rest_route=%2Fwp%2Fv2%2Fcomments&post=129"}],"version-history":[{"count":13,"href":"http:\/\/rupprecht-gymnasium-foerderverein.de\/index.php?rest_route=\/wp\/v2\/pages\/129\/revisions"}],"predecessor-version":[{"id":872,"href":"http:\/\/rupprecht-gymnasium-foerderverein.de\/index.php?rest_route=\/wp\/v2\/pages\/129\/revisions\/872"}],"wp:attachment":[{"href":"http:\/\/rupprecht-gymnasium-foerderverein.de\/index.php?rest_route=%2Fwp%2Fv2%2Fmedia&parent=129"}],"curies":[{"name":"wp","href":"https:\/\/api.w.org\/{rel}","templated":true}]}}