{"id":1126,"date":"2019-11-27T16:07:34","date_gmt":"2019-11-27T15:07:34","guid":{"rendered":"http:\/\/rupprecht-gymnasium-foerderverein.de\/?page_id=1126"},"modified":"2019-11-27T16:07:34","modified_gmt":"2019-11-27T15:07:34","slug":"bericht-des-vorstands-zur-mitgliederversammlung-2019","status":"publish","type":"page","link":"https:\/\/rupprecht-gymnasium-foerderverein.de\/?page_id=1126","title":{"rendered":"Bericht des Vorstands zur Mitgliederversammlung 2019"},"content":{"rendered":"\n<p>T\u00e4tigkeitsbericht\ndes Vorstands 2019 (ab Mitgliederversammlung 2018)<br>\n<br>\nDer\nVerein hat derzeit <strong>117 Mitglieder<\/strong>, davon <strong>73 zahlende<\/strong>.<\/p>\n\n\n\n<p>Seit\nder Mitgliederversammlung 2018 wurden in <strong>6 Vorstandssitzungen<\/strong> folgende <strong>Arbeitsschwerpunkte\n<\/strong>verfolgt<strong>:<\/strong><\/p>\n\n\n\n<p><strong>Veranstaltung:<\/strong><\/p>\n\n\n\n<p>04.06.2019&nbsp;&nbsp;&nbsp; F\u00fchrung Geschichtswerkstatt \u201eKasernenviertel Neuhausen\u201c,<br>\n&nbsp;&nbsp;&nbsp;&nbsp;&nbsp;&nbsp;&nbsp;&nbsp;&nbsp;&nbsp;&nbsp;&nbsp;&nbsp;&nbsp;&nbsp;&nbsp;&nbsp;&nbsp;&nbsp;&nbsp;&nbsp;&nbsp;&nbsp; H.\nSchr\u00f6ther<\/p>\n\n\n\n<p><strong>\u00d6ffentlichkeitsarbeit \/ Mitgliederwerbung:<\/strong><\/p>\n\n\n\n<p>Die\n<strong>Mitgliederwerbung<\/strong> und Bem\u00fchungen um Erh\u00f6hung des Spendenaufkommens\nwurden fortgef\u00fchrt: Rundschreiben, Beitrag der FRG im offiziellen Jahresbericht\ndes RG, Anzeigen der FRG in der Sch\u00fclerzeitung \u201eeXpresso\u201c und der Abi-Zeitung\ndes Jahrgangs 2019.<\/p>\n\n\n\n<p>Der\nAustausch mit dem <strong>Personalrat<\/strong> des RG\nwurde durch regelm\u00e4\u00dfige Einladung zu den Vorstandssitzungen fortgef\u00fchrt.<\/p>\n\n\n\n<p>Die\nFRG sind inzwischen auf der <strong>\u201eGooding\u201c<\/strong>-Plattform\nregistriert. F\u00fcr diese M\u00f6glichkeit, \u00fcber Eink\u00e4ufe im Internet einen kleinen\nTeil des Umsatzes von den anbietenden Unternehmen an die FRG spenden zu lassen,\nwird noch im Kreis der Ehemaligen und Mitglieder geworben.<\/p>\n\n\n\n<p><strong>Spenden:<\/strong><\/p>\n\n\n\n<p>\u00dcbernahme\nder Einzelspende von 100.000 \u20ac aus dem Verm\u00e4chtnis von <strong>Prof. R\u00e4dler<\/strong> und Weitergabe nach dem vorgegebenen Verwendungszweck\n(Verbesserung der IT-Ausstattung des RG) an die Schulleitung.<\/p>\n\n\n\n<p>Ein\nweiteres Verm\u00e4chtnis von <strong>Rudolf Fiedler<\/strong>\n(ehem. Lehrer am RG) \u00fcber 25.000 \u20ac zur Unterst\u00fctzung sozial schlecht gestellter\nSch\u00fcler\/innen lie\u00df sich aus erbrechtlichen Gr\u00fcnden leider nicht realisieren.<\/p>\n\n\n\n<p><strong>Internetauftritt\nder FRG:<\/strong><\/p>\n\n\n\n<p>Die Homepage\nist aktualisiert und mit mehr Informationen sowie Bildern zu wichtigen\nEreignissen bef\u00fcllt. Die laufende Betreuung der Seite wurde von Herrn Wagner\nfortgef\u00fchrt.<\/p>\n\n\n\n<p><strong>Ganztagsangebot \/ Nachmittagsbetreuung:<\/strong><\/p>\n\n\n\n<p>Die FRG begleiten\ndas Projekt weiterhin und unterst\u00fctzen fallweise durch Zusch\u00fcsse f\u00fcr die\nSachausstattung.<\/p>\n\n\n\n<p><strong>Projekt \u201eAHA!\u201c:<\/strong><\/p>\n\n\n\n<p>F\u00fcr das\nProjekt <strong>\u201eAlumni helfen Abiturienten\u201c<\/strong> haben sich \u00fcber 40 Ehemalige aus 17\nAusbildungs- bzw. Fachrichtungen angeboten. Die Verkn\u00fcpfung und Abstimmung mit\ndem berufsorientierten Seminar (P-Seminar in der Oberstufe des G8) l\u00e4uft.<\/p>\n\n\n\n<p>Nachfragen sind seit\nder letzten Mitgliederversammlung leider nicht eingegangen.<\/p>\n\n\n\n<p><strong>Sanierung\nund Erweiterung des Schulgeb\u00e4udes<\/strong><\/p>\n\n\n\n<p>Die geplanten\nNeubauma\u00dfnahmen und die anschlie\u00dfende Generalsanierung des Altbaus werden noch\n2019 mit Abriss des Mensageb\u00e4udes und der Sporthalle der Alfonsschule beginnen.<\/p>\n","protected":false},"excerpt":{"rendered":"<p>T\u00e4tigkeitsbericht des Vorstands 2019 (ab Mitgliederversammlung 2018) Der Verein hat derzeit 117 Mitglieder, davon 73 zahlende. Seit der Mitgliederversammlung 2018 wurden in 6 Vorstandssitzungen folgende Arbeitsschwerpunkte verfolgt: Veranstaltung: 04.06.2019&nbsp;&nbsp;&nbsp; F\u00fchrung Geschichtswerkstatt \u201eKasernenviertel Neuhausen\u201c, &nbsp;&nbsp;&nbsp;&nbsp;&nbsp;&nbsp;&nbsp;&nbsp;&nbsp;&nbsp;&nbsp;&nbsp;&nbsp;&nbsp;&nbsp;&nbsp;&nbsp;&nbsp;&nbsp;&nbsp;&nbsp;&nbsp;&nbsp; H. Schr\u00f6ther \u00d6ffentlichkeitsarbeit \/ Mitgliederwerbung: Die &hellip; <a href=\"https:\/\/rupprecht-gymnasium-foerderverein.de\/?page_id=1126\">Weiterlesen <span class=\"meta-nav\">&rarr;<\/span><\/a><\/p>\n","protected":false},"author":2,"featured_media":0,"parent":0,"menu_order":0,"comment_status":"closed","ping_status":"closed","template":"","meta":{"footnotes":""},"class_list":["post-1126","page","type-page","status-publish","hentry"],"_links":{"self":[{"href":"https:\/\/rupprecht-gymnasium-foerderverein.de\/index.php?rest_route=\/wp\/v2\/pages\/1126","targetHints":{"allow":["GET"]}}],"collection":[{"href":"https:\/\/rupprecht-gymnasium-foerderverein.de\/index.php?rest_route=\/wp\/v2\/pages"}],"about":[{"href":"https:\/\/rupprecht-gymnasium-foerderverein.de\/index.php?rest_route=\/wp\/v2\/types\/page"}],"author":[{"embeddable":true,"href":"https:\/\/rupprecht-gymnasium-foerderverein.de\/index.php?rest_route=\/wp\/v2\/users\/2"}],"replies":[{"embeddable":true,"href":"https:\/\/rupprecht-gymnasium-foerderverein.de\/index.php?rest_route=%2Fwp%2Fv2%2Fcomments&post=1126"}],"version-history":[{"count":1,"href":"https:\/\/rupprecht-gymnasium-foerderverein.de\/index.php?rest_route=\/wp\/v2\/pages\/1126\/revisions"}],"predecessor-version":[{"id":1127,"href":"https:\/\/rupprecht-gymnasium-foerderverein.de\/index.php?rest_route=\/wp\/v2\/pages\/1126\/revisions\/1127"}],"wp:attachment":[{"href":"https:\/\/rupprecht-gymnasium-foerderverein.de\/index.php?rest_route=%2Fwp%2Fv2%2Fmedia&parent=1126"}],"curies":[{"name":"wp","href":"https:\/\/api.w.org\/{rel}","templated":true}]}}