{"id":1223,"date":"2020-09-27T17:46:02","date_gmt":"2020-09-27T15:46:02","guid":{"rendered":"http:\/\/rupprecht-gymnasium-foerderverein.de\/?page_id=1223"},"modified":"2020-09-27T17:46:02","modified_gmt":"2020-09-27T15:46:02","slug":"protokoll-der-mitgliederversammlung-am-18-10-2019","status":"publish","type":"page","link":"https:\/\/rupprecht-gymnasium-foerderverein.de\/?page_id=1223","title":{"rendered":"Protokoll der Mitgliederversammlung am 18.10.2019"},"content":{"rendered":"\n<p><strong>Beginn:<\/strong> 17:30 Uhr<br><strong>Ende:<\/strong> 18:15 Uhr<br><strong>Ort:<\/strong> Rupprecht-Gymnasium M\u00fcnchen; Mensa<br><strong>Anwesend:<\/strong><br>Bernhard Schmidt (Vorsitzender)<br>Thomas Volz (stellv. Vorsitzender, Schulleitung)<br>Theresa Graubmann (stellv. Vorsitzende, Elternbeirat)<br>Petra Frank (Kasse, Landheimverein)<br>Wolf-J\u00fcrgen Wagner (Rupprechtia, Beisitzer)<br>Brigitte Strasser-Vogel (Beisitzerin)<br>Sonja Schmidt (Beisitzerin)<br>Christof Sommerschuh (Beisitzer)<br>Otmar Sch\u00e4tzler (Schriftf\u00fchrer)<br>Heinz Seiffert (Kassenpr\u00fcfer)<br>Ernst Leitner<br>Robert Grahl<br>Rainer Volkmann<br><strong>Entschuldigt:<\/strong> Nicht relevant<\/p>\n\n\n\n<p><br><strong>TOP 1: Feststellung der Anwesenheit und Beschlussf\u00e4higkeit, Genehmigung der Tagesordnung<\/strong><br>Es sind 13 Mitglieder der FRG anwesend. Es wird die Beschlussf\u00e4higkeit der Versammlung festgestellt.<br>Die Tagesordnung der heutigen Mitgliederversammlung wird ohne Gegenstimme angenommen.<\/p>\n\n\n\n<p><br><strong>TOP 2: Bericht des Vorstands<\/strong><br>Herr Schmidt berichtet \u00fcber die T\u00e4tigkeit des Vorstands seit der MV 2018. Der Bericht des Vorstands liegt diesem Protokoll als Anlage bei.<\/p>\n\n\n\n<p><br><strong>TOP 3: Kassenbericht und Bericht der Kassenpr\u00fcfer<\/strong><br><strong>Kassenbericht<\/strong><br>Frau Frank erl\u00e4utert den mit der Einladung versandten Kassenbericht 2018 und berichtet \u00fcber die Entwicklung im Jahr 2019. Der Kassenbericht 2018 sowie der aktuelle Stand des Kassenberichts 2019 (1.1. bis 11.10.2019) liegen diesem Protokoll als Anlage bei.<\/p>\n\n\n\n<p><br><strong>Bericht der Kassenpr\u00fcfer<\/strong><br>Die Revisoren kommen in ihrem Kassenpr\u00fcfbericht zu dem Ergebnis, dass die Kassenf\u00fchrung und der Jahresabschluss den Grunds\u00e4tzen einer ordnungsgem\u00e4\u00dfen Buchf\u00fchrung entsprechen. Die Geldbewegungen waren nachvollziehbar und vollst\u00e4ndig mit Belegen dokumentiert. Der Bericht lobt wie bereits im vergangenen Jahr die weit \u00fcber einen \u00fcblichen Kassenbericht hinausgehende \u00fcbersichtliche und professionelle Kassenf\u00fchrung. Der Pr\u00fcfbericht wird zu den Kassenunterlagen genommen.<br>Angesichts der hohen Qualit\u00e4t der T\u00e4tigkeit von Frau Frank schl\u00e4gt Herr Seiffert im Namen der Kassenpr\u00fcfer die Zahlung einer Ehrenamtspauschale vor. Voraussetzung daf\u00fcr w\u00e4re eine entsprechende Satzungs\u00e4nderung. Der VS wird das Thema bearbeiten und ggf. in der n\u00e4chsten Mitgliederversammlung eine Satzungs\u00e4nderung auf die TO setzen.<\/p>\n\n\n\n<p><br><strong>TOP 4: Aussprache zu den Berichten<\/strong><br>Es liegen keine Wortmeldungen vor.<\/p>\n\n\n\n<p><br><strong>TOP 5: Entlastungen<\/strong><br>Nachdem eine Einzelabstimmung nicht gew\u00fcnscht wird, stellt Herr Seiffert den Antrag, den gesamten Vorstand zu entlasten. Der Antrag wird per Handzeichen einstimmig angenommen.<\/p>\n\n\n\n<p><br><strong>TOP 6: Aufnahme und Neuwahl der Vorstandsmitglieder SMV<\/strong><br>Die von der aktuell neu gew\u00e4hlten SMW benannten Vertreter f\u00fcr den Vorstand der FRG konnten an der Mitgliederversammlung nicht teilnehmen.<br>Es wird beantragt, die drei Sch\u00fclersprecher unter der Voraussetzung, dass sie Vereinsmitglieder werden, als Mitglieder in den Vorstand aufzunehmen.<br>Der Antrag wird einstimmig angenommen.<\/p>\n\n\n\n<p><br><strong>TOP 7: Geplante Aktivit\u00e4ten<\/strong><br>F\u00fcr das kommende Jahr sind folgende Veranstaltungen der FRG geplant:<br>\u2022 Stadtf\u00fchrung durch Geschichtswerkstatt<br>\u2022 Weiterf\u00fchrung des \u201eAha\u201c-Projekts; es wird Kontakt mit Frau Werth aufgenommen<\/p>\n\n\n\n<p><br><strong>TOP 8: Sonstiges<\/strong><br>Es gibt keine weiteren Wortmeldungen.<\/p>\n\n\n\n<p><br><strong>TOP 9: Termine<\/strong><br>Im Jahr 2020 findet die n\u00e4chste Mitgliederversammlung und das Jahrestreffen am 23.10.2020 statt. Wegen der anstehenden Umbauma\u00dfnahmen ist die \u00d6rtlichkeit noch nicht konkret benennbar.<\/p>\n\n\n\n<p><br>gez.<br>Otmar Sch\u00e4tzler<br>Protokollf\u00fchrer<\/p>\n","protected":false},"excerpt":{"rendered":"<p>Beginn: 17:30 UhrEnde: 18:15 UhrOrt: Rupprecht-Gymnasium M\u00fcnchen; MensaAnwesend:Bernhard Schmidt (Vorsitzender)Thomas Volz (stellv. Vorsitzender, Schulleitung)Theresa Graubmann (stellv. Vorsitzende, Elternbeirat)Petra Frank (Kasse, Landheimverein)Wolf-J\u00fcrgen Wagner (Rupprechtia, Beisitzer)Brigitte Strasser-Vogel (Beisitzerin)Sonja Schmidt (Beisitzerin)Christof Sommerschuh (Beisitzer)Otmar Sch\u00e4tzler (Schriftf\u00fchrer)Heinz Seiffert (Kassenpr\u00fcfer)Ernst LeitnerRobert GrahlRainer VolkmannEntschuldigt: Nicht relevant TOP &hellip; <a href=\"https:\/\/rupprecht-gymnasium-foerderverein.de\/?page_id=1223\">Weiterlesen <span class=\"meta-nav\">&rarr;<\/span><\/a><\/p>\n","protected":false},"author":2,"featured_media":0,"parent":0,"menu_order":0,"comment_status":"closed","ping_status":"closed","template":"","meta":{"footnotes":""},"class_list":["post-1223","page","type-page","status-publish","hentry"],"_links":{"self":[{"href":"https:\/\/rupprecht-gymnasium-foerderverein.de\/index.php?rest_route=\/wp\/v2\/pages\/1223","targetHints":{"allow":["GET"]}}],"collection":[{"href":"https:\/\/rupprecht-gymnasium-foerderverein.de\/index.php?rest_route=\/wp\/v2\/pages"}],"about":[{"href":"https:\/\/rupprecht-gymnasium-foerderverein.de\/index.php?rest_route=\/wp\/v2\/types\/page"}],"author":[{"embeddable":true,"href":"https:\/\/rupprecht-gymnasium-foerderverein.de\/index.php?rest_route=\/wp\/v2\/users\/2"}],"replies":[{"embeddable":true,"href":"https:\/\/rupprecht-gymnasium-foerderverein.de\/index.php?rest_route=%2Fwp%2Fv2%2Fcomments&post=1223"}],"version-history":[{"count":2,"href":"https:\/\/rupprecht-gymnasium-foerderverein.de\/index.php?rest_route=\/wp\/v2\/pages\/1223\/revisions"}],"predecessor-version":[{"id":1225,"href":"https:\/\/rupprecht-gymnasium-foerderverein.de\/index.php?rest_route=\/wp\/v2\/pages\/1223\/revisions\/1225"}],"wp:attachment":[{"href":"https:\/\/rupprecht-gymnasium-foerderverein.de\/index.php?rest_route=%2Fwp%2Fv2%2Fmedia&parent=1223"}],"curies":[{"name":"wp","href":"https:\/\/api.w.org\/{rel}","templated":true}]}}