{"id":1236,"date":"2020-11-25T18:47:39","date_gmt":"2020-11-25T17:47:39","guid":{"rendered":"http:\/\/rupprecht-gymnasium-foerderverein.de\/?page_id=1236"},"modified":"2025-10-26T17:26:23","modified_gmt":"2025-10-26T16:26:23","slug":"einladung-zur-mitgliederversammlung","status":"publish","type":"page","link":"https:\/\/rupprecht-gymnasium-foerderverein.de\/?page_id=1236","title":{"rendered":"Einladung zur Mitgliederversammlung"},"content":{"rendered":"\n<p>Sehr geehrtes Mitglied,<\/p>\n\n\n\n<p>im Namen des Vorstands darf ich Sie herzlich zur ordentlichen<\/p>\n\n\n\n<p class=\"has-text-align-center\"><strong>Mitgliederversammlung<\/strong><\/p>\n\n\n\n<p class=\"has-text-align-center\"><strong>der Freunde des Rupprecht-Gymnasiums M\u00fcnchen e. V.<\/strong><\/p>\n\n\n\n<p class=\"has-text-align-center\"><strong>am 23.10.2026 um 17.30 Uhr<\/strong><\/p>\n\n\n\n<p class=\"has-text-align-center\">in der neuen <strong>Aula<\/strong> des<\/p>\n\n\n\n<p class=\"has-text-align-center\"><strong>Rupprecht-Gymnasiums, Albrechtstra\u00dfe 4-6, M\u00fcnchen<\/strong><\/p>\n\n\n\n<p class=\"has-text-align-center\">einladen.<\/p>\n\n\n\n<p><br>Zur Erleichterung der Organisation w\u00e4re ich f\u00fcr namentliche Anmeldung dankbar.<\/p>\n\n\n\n<p>Es ist folgende <strong>Tagesordnung<\/strong> vorgesehen:<\/p>\n\n\n\n<ol style=\"list-style-type:1\" class=\"wp-block-list\">\n<li><strong>Feststellung der Anwesenheit und Beschlussf\u00e4higkeit, Genehmigung der<br>Tagesordnung<br><\/strong><\/li>\n\n\n\n<li><strong>Bericht des Vorstands<br><\/strong><\/li>\n\n\n\n<li><strong>Kassenbericht<br><\/strong><\/li>\n\n\n\n<li><strong>Aussprache zu den Berichten<br><\/strong><\/li>\n\n\n\n<li><strong>Entlastungen<\/strong><br><\/li>\n\n\n\n<li><strong>Neuwahl des Vorstands <br><\/strong><\/li>\n\n\n\n<li><strong>Antrag auf Gew\u00e4hrung einer Aufwandsentsch\u00e4digung <\/strong><br><\/li>\n\n\n\n<li><strong>Geplante Aktivit\u00e4ten<br><\/strong><\/li>\n\n\n\n<li><strong>Sonstiges<br><\/strong><\/li>\n\n\n\n<li><strong>Termine<br><\/strong>N\u00e4chste Mitgliederversammlung 2027<\/li>\n<\/ol>\n\n\n\n<p>Ich hoffe, Sie k\u00f6nnen diesen Termin mit der Teilnahme am unmittelbar anschlie\u00dfenden Jahrestreffen gut verbinden. <\/p>\n\n\n\n<p>Mit freundlichen Gr\u00fc\u00dfen<br>gez. Dr. J\u00f6rg Steinwagner<br>Vorsitzender<\/p>\n\n\n\n<p><\/p>\n","protected":false},"excerpt":{"rendered":"<p>Sehr geehrtes Mitglied, im Namen des Vorstands darf ich Sie herzlich zur ordentlichen Mitgliederversammlung der Freunde des Rupprecht-Gymnasiums M\u00fcnchen e. V. am 23.10.2026 um 17.30 Uhr in der neuen Aula des Rupprecht-Gymnasiums, Albrechtstra\u00dfe 4-6, M\u00fcnchen einladen. Zur Erleichterung der Organisation &hellip; <a href=\"https:\/\/rupprecht-gymnasium-foerderverein.de\/?page_id=1236\">Weiterlesen <span class=\"meta-nav\">&rarr;<\/span><\/a><\/p>\n","protected":false},"author":2,"featured_media":0,"parent":0,"menu_order":0,"comment_status":"closed","ping_status":"closed","template":"","meta":{"footnotes":""},"class_list":["post-1236","page","type-page","status-publish","hentry"],"_links":{"self":[{"href":"https:\/\/rupprecht-gymnasium-foerderverein.de\/index.php?rest_route=\/wp\/v2\/pages\/1236","targetHints":{"allow":["GET"]}}],"collection":[{"href":"https:\/\/rupprecht-gymnasium-foerderverein.de\/index.php?rest_route=\/wp\/v2\/pages"}],"about":[{"href":"https:\/\/rupprecht-gymnasium-foerderverein.de\/index.php?rest_route=\/wp\/v2\/types\/page"}],"author":[{"embeddable":true,"href":"https:\/\/rupprecht-gymnasium-foerderverein.de\/index.php?rest_route=\/wp\/v2\/users\/2"}],"replies":[{"embeddable":true,"href":"https:\/\/rupprecht-gymnasium-foerderverein.de\/index.php?rest_route=%2Fwp%2Fv2%2Fcomments&post=1236"}],"version-history":[{"count":13,"href":"https:\/\/rupprecht-gymnasium-foerderverein.de\/index.php?rest_route=\/wp\/v2\/pages\/1236\/revisions"}],"predecessor-version":[{"id":1488,"href":"https:\/\/rupprecht-gymnasium-foerderverein.de\/index.php?rest_route=\/wp\/v2\/pages\/1236\/revisions\/1488"}],"wp:attachment":[{"href":"https:\/\/rupprecht-gymnasium-foerderverein.de\/index.php?rest_route=%2Fwp%2Fv2%2Fmedia&parent=1236"}],"curies":[{"name":"wp","href":"https:\/\/api.w.org\/{rel}","templated":true}]}}