{"id":1270,"date":"2023-09-26T17:00:01","date_gmt":"2023-09-26T15:00:01","guid":{"rendered":"http:\/\/rupprecht-gymnasium-foerderverein.de\/?page_id=1270"},"modified":"2025-10-26T17:28:00","modified_gmt":"2025-10-26T16:28:00","slug":"einladung-zum-jahrestreffen-2","status":"publish","type":"page","link":"https:\/\/rupprecht-gymnasium-foerderverein.de\/","title":{"rendered":"Einladung zum Jahrestreffen"},"content":{"rendered":"\n<p>Liebe Ehemalige, Freunde und Sympathisanten des Rupprecht-Gymnasiums,<br>es ist wieder so weit. Wir laden Sie ganz herzlich ein zum<\/p>\n\n\n\n<p class=\"has-text-align-center\"><br><strong>Jahrestreffen des Rupprecht-Gymnasiums M\u00fcnchen<br>am<br>Freitag, 23. Oktober 2026, ab 19.00 Uhr<br>in die<br>neue Aula des Rupprecht-Gymnasiums, Albrechtstra\u00dfe 4-6.<\/strong><\/p>\n\n\n\n<p class=\"has-text-align-left\"><br>Der neue Haupteingang befindet sich in der Albrechtstra\u00dfe gegen\u00fcber der Alfonsschule.<br>Ab 18.30 Uhr gibt es auf Wunsch auch wieder eine <strong>F\u00fchrung durch das neue Haus<\/strong>.<br><br>Angemeldete G\u00e4ste k\u00f6nnen die <strong>schuleigene Tiefgarage<\/strong> nutzen (Einfahrt rechts neben dem Haupteingang). Die bisherigen Parkm\u00f6glichkeiten vor dem alten Turnhallentrakt und im ehemaligen Pausenhof bestehen nicht mehr. Wer also mit dem Auto kommen will, sollte uns das bitte \u2013 mit Angabe des Kennzeichens \u2013 ebenfalls mitteilen.<br><br>Um die Schulhausf\u00fchrung, den Service und die Organisation in den neuen R\u00e4umen besser planen zu k\u00f6nnen, bitten wir Sie \u2013 wie bereits in den vergangenen Jahren \u2013 bis <strong>15.10.2026<\/strong> um <strong>namentliche Anmeldung<\/strong> an die bekannte E-Mail-Adresse:<br><br> <strong><a href=\"mailto:freunde@rupprecht-gymnasium.de\">freunde@rupprecht-gymnasium.de<\/a><\/strong><br><br>Hierf\u00fcr bitten wir Sie um folgende Anmeldeinfos:<br>\u2022 Name, E-Mail<br>\u2022 Abi-Jahrgang<br>\u2022 Teilnahme an der F\u00fchrung<br>\u2022 Teilnahme am Jahrestreffen<br>\u2022 TG-Nutzung: Kfz-Kennzeichen<br><br>Nachdem sich beim letzten Treffen gl\u00fccklicherweise wieder ein gr\u00f6\u00dferes Besuchsinteresse gezeigt hat, hoffen wir auch f\u00fcr dieses Jahr auf eine entsprechende Resonanz.<br><br>Wir hoffen au\u00dferdem sehr, dass auch gleichzeitig die Spendeneinnahmen erneut das schon gewohnte Niveau erreichen werden, damit wir die Tradition des Jahrestreffens auch verl\u00e4sslich fortf\u00fchren k\u00f6nnen.<br>Eine unserer Hauptaufgaben, die finanzielle Unterst\u00fctzung der Schule, h\u00e4ngt ma\u00dfgeblich von Ihnen, bzw. den Spenden der Ehemaligen ab!<br><br>Wir bitten Sie also ganz herzlich:<br><br><strong>Melden Sie sich zum Treffen an, werben Sie nach M\u00f6glichkeit in Ihrem Jahrgang f\u00fcr die Teilnahme und zeigen Sie Ihre Verbundenheit mit Ihrer alten Schule durch eine gro\u00dfz\u00fcgige Spende <\/strong>(\u00dcberweisung \u2013 oder in bar an der Veranstaltung).<br><br><strong>Bankverbindung: M\u00fcnchner Bank eG, IBAN: DE67 7019 0000 0002 0057 78<\/strong><br><br>Die \u201eFreunde des RGM e. V.\u201c sind als gemeinn\u00fctzig anerkannt, Sie k\u00f6nnen Ihre <strong>Zuwendung<\/strong> daher in vollem Umfang <strong>steuerlich absetzen<\/strong>. Bis zu einem Betrag von 300 \u20ac gen\u00fcgt die Vorlage des \u00dcberweisungstr\u00e4gers\/Kontoauszugs. Als Verwendungszweck sollte (auch bei Online- oder Telefonbanking) angegeben werden:<br><br><strong>Mit Freistellungsbescheid des FA M\u00fcnchen f\u00fcr K\u00f6rperschaften, St. Nr. 143\/215\/00189, vom 02.01.2024, als gemeinn\u00fctziger Zweck anerkannt.<\/strong><br><br>F\u00fcr h\u00f6here Spenden \u2013 oder Barspenden \u2013 erhalten Sie von uns selbstverst\u00e4ndlich eine Spendenbescheinigung (bei \u00dcberweisungen tragen Sie im Verwendungszweck lediglich das Stichwort \u201eSpende\u201c und Ihre Adresse ein).<br><br>Wir w\u00fcrden uns auch besonders freuen, wenn wir wieder m\u00f6glichst viele Jahrg\u00e4nge, die ein <strong>Abiturjubil\u00e4um<\/strong> zu feiern haben, begr\u00fc\u00dfen k\u00f6nnten. F\u00fcr gr\u00f6\u00dfere Gruppen bieten wir deshalb wieder die M\u00f6glichkeit der <strong>Platzreservierung<\/strong>: Geben Sie uns dazu bitte Ihren Abiturjahr-gang und die voraussichtliche Teilnehmerzahl durch. Die angemeldeten Pl\u00e4tze werden dann f\u00fcr Sie freigehalten.<br><br>Trotz unserer eher bescheidenen M\u00f6glichkeiten konnten wir dem Rupprecht-Gymnasium in der Vergangenheit sp\u00fcrbar helfen. Ein \u00dcberblick \u00fcber die Verwendung der Mittel im letzten Jahr liegt bei.<br><br>Falls Sie den Kontakt zur Schule \u00fcber eine Mitgliedschaft bei den Freunden des RGM e. V. vertiefen wollen, nehmen wir nat\u00fcrlich sehr gerne Ihre <strong>Beitrittserkl\u00e4rung<\/strong> entgegen.<br>Die Erkl\u00e4rung k\u00f6nnen Sie auf unserer Internetseite herunterladen. Inzwischen verf\u00fcgen wir auch \u00fcber zahlreiche Adressen. Wenn Sie also Kontakt zu Ihren ehemaligen Mitsch\u00fclern suchen, helfen wir gerne. Andererseits sind wir Ihnen aber auch sehr dankbar, wenn Sie uns Ihre <strong>aktuellen Adressenlisten<\/strong> zur Verf\u00fcgung stellen.<br><br>Wir w\u00fcrden uns \u00fcber Ihre Spende und\/oder Ihren Vereinsbeitritt sehr freuen und w\u00fcnschen Ihnen bis zu unserem Wiedersehen alles Gute!<br><br>Mit herzlichen Gr\u00fc\u00dfen<br>gez.<br>Dr. J\u00f6rg Steinwagner<br>Vorsitzender der Freunde des RGM e. V.<\/p>\n\n\n\n<p><\/p>\n","protected":false},"excerpt":{"rendered":"<p>Liebe Ehemalige, Freunde und Sympathisanten des Rupprecht-Gymnasiums,es ist wieder so weit. Wir laden Sie ganz herzlich ein zum Jahrestreffen des Rupprecht-Gymnasiums M\u00fcnchenamFreitag, 23. Oktober 2026, ab 19.00 Uhrin dieneue Aula des Rupprecht-Gymnasiums, Albrechtstra\u00dfe 4-6. Der neue Haupteingang befindet sich in &hellip; <a href=\"https:\/\/rupprecht-gymnasium-foerderverein.de\/\">Weiterlesen <span class=\"meta-nav\">&rarr;<\/span><\/a><\/p>\n","protected":false},"author":2,"featured_media":0,"parent":0,"menu_order":0,"comment_status":"closed","ping_status":"closed","template":"","meta":{"footnotes":""},"class_list":["post-1270","page","type-page","status-publish","hentry"],"_links":{"self":[{"href":"https:\/\/rupprecht-gymnasium-foerderverein.de\/index.php?rest_route=\/wp\/v2\/pages\/1270","targetHints":{"allow":["GET"]}}],"collection":[{"href":"https:\/\/rupprecht-gymnasium-foerderverein.de\/index.php?rest_route=\/wp\/v2\/pages"}],"about":[{"href":"https:\/\/rupprecht-gymnasium-foerderverein.de\/index.php?rest_route=\/wp\/v2\/types\/page"}],"author":[{"embeddable":true,"href":"https:\/\/rupprecht-gymnasium-foerderverein.de\/index.php?rest_route=\/wp\/v2\/users\/2"}],"replies":[{"embeddable":true,"href":"https:\/\/rupprecht-gymnasium-foerderverein.de\/index.php?rest_route=%2Fwp%2Fv2%2Fcomments&post=1270"}],"version-history":[{"count":9,"href":"https:\/\/rupprecht-gymnasium-foerderverein.de\/index.php?rest_route=\/wp\/v2\/pages\/1270\/revisions"}],"predecessor-version":[{"id":1489,"href":"https:\/\/rupprecht-gymnasium-foerderverein.de\/index.php?rest_route=\/wp\/v2\/pages\/1270\/revisions\/1489"}],"wp:attachment":[{"href":"https:\/\/rupprecht-gymnasium-foerderverein.de\/index.php?rest_route=%2Fwp%2Fv2%2Fmedia&parent=1270"}],"curies":[{"name":"wp","href":"https:\/\/api.w.org\/{rel}","templated":true}]}}