{"id":1356,"date":"2023-09-26T17:55:44","date_gmt":"2023-09-26T15:55:44","guid":{"rendered":"http:\/\/rupprecht-gymnasium-foerderverein.de\/?page_id=1356"},"modified":"2023-09-26T18:45:36","modified_gmt":"2023-09-26T16:45:36","slug":"protokoll-der-mitgliederversammlung-vom-21-10-2022","status":"publish","type":"page","link":"https:\/\/rupprecht-gymnasium-foerderverein.de\/?page_id=1356","title":{"rendered":"Protokoll der Mitgliederversammlung vom 21.10.2022"},"content":{"rendered":"\n<p>Beginn: 17:45 Uhr &#8211; Ende: ca. 18:25 Uhr<br>Ort: Rupprecht-Gymnasium M\u00fcnchen; Interims-Mensa<br>Anwesend:<br>Bernhard Schmidt (Vorsitzender), Theresa Graubmann, Stephan Sprenger (Mitglied, Schulleitung), Petra Frank (Kasse), Karl-Heinz Mantel (Kassenpr\u00fcfer), Otmar Sch\u00e4tzler (Schriftf\u00fchrer), Wolf-J\u00fcrgen Wagner (Rupprechtia, Beisitzer), Monika Riefle (Beisitzerin, EB),<br>Christof Sommerschuh (Beisitzer), Rainer Volkmann (Mitglied), Robina von Roon (SMV),<br>Christopher Hamm (SMV), Stephan M. Markovic (SMV), Viktoria Lehmeier (Vorsitzende EB)<br><br>Entschuldigt\/Verhindert:<br>Brigitte Strasser-Vogel (Beisitzerin), Sonja Schmidt-Haas (Beisitzerin)<\/p>\n\n\n\n<p><br><strong>TOP 1<\/strong>   <strong>Feststellung der Anwesenheit und Beschlussf\u00e4higkeit, Genehmigung der Tagesordnung<\/strong><br>Die Mitgliederversammlung wurde fristgerecht einberufen und ist damit nach \u00a77 Nr.3 der Satzung beschlussf\u00e4hig. Die Tagesordnung der heutigen Mitgliederversammlung wird ohne Gegenstimme angenommen.<\/p>\n\n\n\n<p><br><strong>TOP 2<\/strong>   <strong>Bericht des Vorstands<\/strong><br>T\u00e4tigkeitsbericht des Vorstands 2022 (ab Mitgliederversammlung 2021) Der Verein hat derzeit 122 Mitglieder, davon 73 zahlende.<br>Seit der Mitgliederversammlung 2021 wurden in 3 Vorstandssitzungen folgende Inhalte verfolgt:<br><strong>Coronabedingte Einschr\u00e4nkungen<\/strong><br>Die pr\u00e4senzorientierte Vereinst\u00e4tigkeit wurde auf das Notwendige und das regelkonform M\u00f6gliche reduziert.<br><br><strong>Veranstaltungen:<\/strong><br>Wegen der o. g. Einschr\u00e4nkungen konnten au\u00dfer den wenigen Vorstandssitzungen keine Veranstaltungen geplant und durchgef\u00fchrt werden.<br><br><strong>\u00d6ffentlichkeitsarbeit \/ Mitgliederwerbung:<\/strong><br>Im Mittelpunkt stand die Aufrechterhaltung des Kontakts zur Schule, um auf m\u00f6gliche Bed\u00fcrfnisse, d. h. finanziellen Unterst\u00fctzungsbedarf der Schule w\u00e4hrend der einzelnen Phasen improvisierten Schullebens (Distanz- und Wechselunterricht) reagieren zu k\u00f6nnen. Das generelle Unterst\u00fctzungsangebot der FRG wurde in dieser Zeit jedoch nicht in Anspruch genommen \u2013 finanziell bestanden keine Probleme.<br>Die Mitgliederwerbung und Bem\u00fchungen um Erh\u00f6hung des Spendenaufkommens wurden insbesondere \u00fcber schriftliche Medien fortgef\u00fchrt: Rundschreiben, Beitr\u00e4ge der FRG in den Elternbriefen der Schulleitung und im offiziellen Jahresbericht 2022 des RG, Anzeigen der FRG in der Sch\u00fclerzeitung \u201eeXpresso\u201c. Eine Abi-Zeitung ist 2022 nicht erschienen.<br><br>Der Austausch mit dem Kollegium des RG wurde durch ein Gru\u00dfwort an der ersten Lehrerkonferenz und regelm\u00e4\u00dfige Einladung des Personalrats zu den Vorstandssitzungen fortgef\u00fchrt.<br>Der aktuelle Abi-Jahrgang konnte in die Kontaktdatensammlung aufgenommen werden.<br><br><strong>Ganztagsangebot \/ Nachmittagsbetreuung:<\/strong><br>Die FRG begleiten das Projekt weiterhin und unterst\u00fctzen fallweise durch Zusch\u00fcsse f\u00fcr die Sachausstattung.<br><br><strong>Projekt \u201eAHA!\u201c:<\/strong><br>F\u00fcr das Projekt \u201eAlumni helfen Abiturienten\u201c haben sich \u00fcber 40 Ehemalige aus 17 Ausbildungs- bzw. Fachrichtungen angeboten. Die Verkn\u00fcpfung und Abstimmung mit dem berufsorientierten Seminar (P-Seminar in der Oberstufe des G8) l\u00e4uft.<br>Nachfragen sind seit der letzten Mitgliederversammlung leider nicht eingegangen.<br><br><strong>Sanierung und Erweiterung des Schulgeb\u00e4udes<\/strong><br>Die Neubauma\u00dfnahme und ist offensichtlich im Zeitplan, die Interimsl\u00f6sungen werden gut angenommen und sind qualitativ hervorragend (\u201eKleines RG\u201c).<br>Die Einweihung des 1. Bauabschnitts ist voraussichtlich zum Schuljahresbeginn im September 2023 geplant.<br><br><strong>TOP 3<\/strong>   <strong>Kassenbericht<\/strong><br>Frau Frank erl\u00e4utert den Kassenbericht des Jahres 2021.<br>Zus\u00e4tzlich wird als Tischvorlage ein Kassenbericht f\u00fcr den Zeitraum 1.1.2022 bis 30.9.2022 zur Verf\u00fcgung gestellt.<br><br><strong>TOP 4<\/strong>   <strong>Aussprache zu den Berichten<\/strong><br><strong>Aussprache<\/strong><br>Es sind keine Wortmeldungen vorhanden.<br><br><strong>Bericht des Kassenpr\u00fcfers<\/strong><br>Die Kasse wurde gepr\u00fcft. Der Kassenpr\u00fcfer stellte eine hervorragende Kassenf\u00fchrung fest.<br><br><strong>TOP 5<\/strong>   <strong>Entlastungen<\/strong><br>Herr Volkmann beantragt die Entlastung des gesamten Vorstands f\u00fcr das Jahr 2021.<br>Der Antrag wird einstimmig angenommen.<br><br><strong>TOP 8<\/strong>   <strong>Antrag auf Gew\u00e4hrung einer Aufwandsentsch\u00e4digung<\/strong><br>Der Antrag wurde mit der Einladung verschickt. Herr Schmidt liest den Antrag vor. Der Antrag wird einstimmig mit einer Enthaltung angenommen.<br><br><strong>TOP 9   Geplante Aktivit\u00e4ten<\/strong><br>Herr Schmidt tr\u00e4gt die geplanten Aktivit\u00e4ten f\u00fcr das Jahr 2023 vor.<br>Der Vorstand beabsichtigt, bis zur n\u00e4chsten Mitgliederversammlung wieder eigene Veranstaltungen anzubieten. Sie werden vom Vorstand per Rundschreiben rechtzeitig bekannt gegeben:<br><br><strong>Stadtteilf\u00fchrung<\/strong><br>Im Juni 2023 planen wir wieder eine Stadtteilf\u00fchrung mit der Geschichtswerkstatt Neuhausen, das Thema steht noch nicht fest.<br><br><strong>Einweihung Neubau<\/strong><br>Die Einweihung des Neubaus ist im September 2023 vorgesehen. Dazu wollen wir einen m\u00f6glichst gro\u00dfz\u00fcgigen und nachhaltigen Beitrag der Ehemaligen organisieren. Ein besonderer Spendenaufruf im Fr\u00fchjahr 2023 ist geplant.<br>Die Entscheidung \u00fcber Gr\u00f6\u00dfe und Art unserer Sachspende ist bis sp\u00e4testens Ende des ersten Schulhalbjahres in Abstimmung mit der Schulfamilie (Sch\u00fclerschaft, Kollegium, Elternbeirat, Schulleitung) zu treffen.<br><br><strong>Jahrestreffen<\/strong><br>20.Oktober 2023, 19.00 Uhr, in der neuen Mensa<br>Wegen der besonderen Umst\u00e4nde (zeitlicher Zusammenhang mit der Einweihung des Neubaus) soll auch ein besonderes Programm mit Schulhausf\u00fchrung organisiert werden. Wegen der zu erwartenden h\u00f6heren Teilnehmerzahl soll insbesondere auch die Lehrerschaft (aktive und pensionierte) zum Besuch motiviert werden.<br><br><strong>AHA-Projekt<\/strong><br>Wir werden versuchen, das Projekt in Abstimmung mit den Beratungslehrkr\u00e4ften (berufsvorbereitendes P-Seminar der Oberstufe und Berufspraktikum der Mittelstufe) neu zu beleben.<br>Die \u00d6ffentlichkeitsarbeit und die laufenden Anstrengungen zur Mitgliedergewinnung sollen ebenso intensiviert werden wie personelle Verst\u00e4rkung und Verj\u00fcngung in der Vorstandsarbeit.<br><br>Anschlie\u00dfend an den Bericht wurden folgende Punkte besprochen:<\/p>\n\n\n\n<ul class=\"wp-block-list\">\n<li>Zum Thema \u201eAha-Projekt\u201c wird Frau Werth f\u00fcr eine der n\u00e4chsten VS-Sitzungen eingeladen <\/li>\n\n\n\n<li>Bez\u00fcglich des Neubaus der Schule sind noch keine konkreten Aktivit\u00e4ten geplant<br><br><strong>TOP 10   Sonstiges<\/strong><br><strong>Personeller Wechsel bei den Sch\u00fclersprechern<\/strong><br>Robina von Roon, Christopher Hamm und Stephan Marko Markovic sind als Vertreter der SMV neue Mitglieder im Vorstand der FRG.<br><br><strong>Neue Vertreterin des EB\u2019s<\/strong><br>Fr. Viktoria Lehmeier ist die neue Vertreterin des Elternbeirats im Vorstand der FRG. Sie ist heute verhindert. Aus diesem Grund bleibt die VS-Besetzung f\u00fcr das kommende Jahr gleich. Frau Lehmeier wird dann bei der Mitgliederversammlung 2023 formal in den VS aufgenommen.<br><br><strong>TOP 11   Termine<\/strong><br>20.10.2023: Mitgliederversammlung 2023 und Jahrestreffen 2023<\/li>\n<\/ul>\n\n\n\n<p> &nbsp;&nbsp;&nbsp;gez.&nbsp;&nbsp;&nbsp;&nbsp;&nbsp;&nbsp;&nbsp;&nbsp;&nbsp;&nbsp;&nbsp;&nbsp;&nbsp;&nbsp;&nbsp;&nbsp;&nbsp;&nbsp;&nbsp;&nbsp;&nbsp;&nbsp;&nbsp;&nbsp;&nbsp;&nbsp;&nbsp;&nbsp;&nbsp;gez.<br> &nbsp;&nbsp;&nbsp;Otmar Sch\u00e4tzler&nbsp;&nbsp;&nbsp;&nbsp;&nbsp;&nbsp;Bernhard Schmidt<br> &nbsp;&nbsp;&nbsp;Protokollf\u00fchrer&nbsp;&nbsp;&nbsp;&nbsp;&nbsp;&nbsp;&nbsp;Vorsitzender<\/p>\n","protected":false},"excerpt":{"rendered":"<p>Beginn: 17:45 Uhr &#8211; Ende: ca. 18:25 UhrOrt: Rupprecht-Gymnasium M\u00fcnchen; Interims-MensaAnwesend:Bernhard Schmidt (Vorsitzender), Theresa Graubmann, Stephan Sprenger (Mitglied, Schulleitung), Petra Frank (Kasse), Karl-Heinz Mantel (Kassenpr\u00fcfer), Otmar Sch\u00e4tzler (Schriftf\u00fchrer), Wolf-J\u00fcrgen Wagner (Rupprechtia, Beisitzer), Monika Riefle (Beisitzerin, EB),Christof Sommerschuh (Beisitzer), Rainer Volkmann &hellip; <a href=\"https:\/\/rupprecht-gymnasium-foerderverein.de\/?page_id=1356\">Weiterlesen <span class=\"meta-nav\">&rarr;<\/span><\/a><\/p>\n","protected":false},"author":2,"featured_media":0,"parent":0,"menu_order":0,"comment_status":"closed","ping_status":"closed","template":"","meta":{"footnotes":""},"class_list":["post-1356","page","type-page","status-publish","hentry"],"_links":{"self":[{"href":"https:\/\/rupprecht-gymnasium-foerderverein.de\/index.php?rest_route=\/wp\/v2\/pages\/1356","targetHints":{"allow":["GET"]}}],"collection":[{"href":"https:\/\/rupprecht-gymnasium-foerderverein.de\/index.php?rest_route=\/wp\/v2\/pages"}],"about":[{"href":"https:\/\/rupprecht-gymnasium-foerderverein.de\/index.php?rest_route=\/wp\/v2\/types\/page"}],"author":[{"embeddable":true,"href":"https:\/\/rupprecht-gymnasium-foerderverein.de\/index.php?rest_route=\/wp\/v2\/users\/2"}],"replies":[{"embeddable":true,"href":"https:\/\/rupprecht-gymnasium-foerderverein.de\/index.php?rest_route=%2Fwp%2Fv2%2Fcomments&post=1356"}],"version-history":[{"count":7,"href":"https:\/\/rupprecht-gymnasium-foerderverein.de\/index.php?rest_route=\/wp\/v2\/pages\/1356\/revisions"}],"predecessor-version":[{"id":1366,"href":"https:\/\/rupprecht-gymnasium-foerderverein.de\/index.php?rest_route=\/wp\/v2\/pages\/1356\/revisions\/1366"}],"wp:attachment":[{"href":"https:\/\/rupprecht-gymnasium-foerderverein.de\/index.php?rest_route=%2Fwp%2Fv2%2Fmedia&parent=1356"}],"curies":[{"name":"wp","href":"https:\/\/api.w.org\/{rel}","templated":true}]}}