{"id":1455,"date":"2024-11-21T17:47:52","date_gmt":"2024-11-21T16:47:52","guid":{"rendered":"https:\/\/rupprecht-gymnasium-foerderverein.de\/?page_id=1455"},"modified":"2024-11-21T18:02:41","modified_gmt":"2024-11-21T17:02:41","slug":"protokoll-der-mitgliederversammlung-am-18-10-24","status":"publish","type":"page","link":"https:\/\/rupprecht-gymnasium-foerderverein.de\/?page_id=1455","title":{"rendered":"Protokoll der Mitgliederversammlung am 18.10.24"},"content":{"rendered":"\n<ol class=\"wp-block-list\">\n<li><strong>Feststellung der Anwesenheit und Beschlussf\u00e4higkeit, <\/strong><br><strong>Genehmigung der TO <\/strong><br>Der Vorsitzende er\u00f6ffnet die Versammlung um 17.30 Uhr. Er begr\u00fc\u00dft die Mitglieder und stellt fest, dass die ordentliche j\u00e4hrliche Mitgliederversammlung (MV) nach fristgerechter Einladung gem\u00e4\u00df \u00a77, Nrn. 2. und 3. der Satzung beschlussf\u00e4hig ist. Laut Liste sind 19 Teilnehmer\/innen anwesend. Die mit der Einladung verschickte Tagesordnung wird p. a. genehmigt. <br>Als Neumitglieder begr\u00fc\u00dft der Vorsitzende die neu gew\u00e4hlten Sch\u00fclersprecher besonders herzlich.<br><br><\/li>\n\n\n\n<li><strong>Bericht des Vorstands <\/strong><br>Herr Schmidt berichtet \u00fcber die T\u00e4tigkeit des Vorstands seit der MV 2023: Die Freunde des Rupprecht-Gymnasiums (FRG) haben derzeit 128 Mitglieder, davon 82 zahlende. In sechs Vorstandssitzungen wurden folgende Arbeitsschwerpunkte verfolgt:<br><br><strong>Finanzielle Unterst\u00fctzung<\/strong> des RG Die Fachschaften, Sch\u00fclermitverantwortung und andere Antragsteller wurden im Sinn der Satzung finanziell bestm\u00f6glich unterst\u00fctzt. Die Einzelma\u00dfnahmen sind im Kassenbericht konkret aufgef\u00fchrt. <br><br><strong>Veranstaltungen: <\/strong><br>Am 20.06.24 konnte wieder eine Stadtteilf\u00fchrung (\u201eWinthirfriedhof\u201c) \u00fcber die Geschichtswerkstatt Neuhausen (Herr Schr\u00f6ther) organisiert werden. Mit ca. 15 Teilnehmern war die Resonanz recht erfreulich. Auf Grund der positiven Bewertung wollen wir die Reihe 2025 fortf\u00fchren. <br><br><strong>\u00d6ffentlichkeitsarbeit \/ Mitgliederwerbung: <\/strong><br>Die Mitgliederwerbung und Bem\u00fchungen um Erh\u00f6hung des Spendenaufkommens wurden insbesondere \u00fcber schriftliche Medien fortgef\u00fchrt: Rundschreiben, Beitr\u00e4ge der FRG in den Elternbriefen der Schulleitung und im offiziellen Jahresbericht 2024 des RG, Anzeigen der FRG in der Sch\u00fclerzeitung \u201eeXpresso\u201c und der Abi-Zeitung. <br>Der Austausch mit dem Kollegium des RG wurde insbesondere durch ein Gru\u00dfwort an der ersten Lehrerkonferenz und regelm\u00e4\u00dfige Information des Personalrats gepflegt. Die FRG wurden auch am Begr\u00fc\u00dfungsabend des Elternbeirats f\u00fcr die neuen 5.-Klass-Eltern vorgestellt.<br><br>Vom aktuellen Abi-Jahrgang 2024 konnten viele R\u00fcckmeldungen f\u00fcr die Kontaktdaten-sammlung gewonnen werden. Leider waren etliche davon nicht lesbar. Der Jahrgang ist jedoch insgesamt erreichbar. <br><br><strong>Projekt \u201eRespect-Coaches\u201c: <\/strong><br>Aus dem Vorstand der FRG (Frau Schmidt-Haas) konnte das bundesweite Projekt \u201eRespect-Coaches\u201c (Extremismuspr\u00e4vention, Demokratieerziehung) am RG eingef\u00fchrt werden. Insbesondere die Arbeit der Sch\u00fclergremien (Sch\u00fclermitverantwortung, Sch\u00fclerparlament, etc.) soll dadurch unterst\u00fctzt werden. <br><br><strong>Ganztagsangebot \/ Nachmittagsbetreuung:<\/strong> <br>Die FRG begleiten das Projekt weiterhin und unterst\u00fctzen fallweise durch Zusch\u00fcsse f\u00fcr die Sachausstattung. <br><br><strong>Projekt \u201eAHA!\u201c: <\/strong><br>F\u00fcr das Projekt \u201eAlumni helfen Abiturienten\u201c haben sich \u00fcber 40 Ehemalige aus 17 Ausbildungs- bzw. Fachrichtungen angeboten. Die Verkn\u00fcpfung und Abstimmung mit dem berufsorientierten Seminar (P-Seminar in der Oberstufe des G8) wurde bereits vor Jahren hergestellt. Nachfragen sind seit der letzten Mitgliederversammlung leider nicht eingegangen.<br><br><\/li>\n\n\n\n<li><strong>Kassenbericht <\/strong><br>Frau Frank erl\u00e4utert den mit der Einladung versandten Kassenbericht 2023 und berichtet \u00fcber die Entwicklung 2024. <br>Die Revisoren kommen in ihrem Kassenpr\u00fcfbericht zu dem Ergebnis, dass die Kasse ordnungsgem\u00e4\u00df gef\u00fchrt wurde, alle Geldbewegungen nachvollziehbar und die Belege vollst\u00e4ndig dokumentiert sind. Der Pr\u00fcfbericht wird zu den Kassenunterlagen genommen.<br><br><\/li>\n\n\n\n<li><strong>Aussprache zu den Berichten <\/strong><br>Es liegen keine Wortmeldungen vor.<br><br><\/li>\n\n\n\n<li><strong>Entlastungen <\/strong><br>Nachdem Einzelabstimmung nicht gew\u00fcnscht wird, stellt Herr Volkmann den Antrag, den gesamten Vorstand in cumulo zu entlasten. Der Antrag wird per Handzeichen ohne Gegen-stimme angenommen.<br><\/li>\n\n\n\n<li><strong>Neuwahl eines stellvertretenden Vorsitzendens <\/strong><br>Nach der bisher ge\u00fcbten Praxis \u00fcbernimmt regelm\u00e4\u00dfig der st\u00e4ndige Vertreter des Schulleiters die Funktion eines stellvertretenden Vorsitzenden bei den Freunden des RG e. V. Der Vorsitzende schl\u00e4gt daher Herrn Dr. Wilfried Trinkl zur Wahl f\u00fcr dieses Amt vor. <br>Herr Dr. Trinkl wird per Handzeichen ohne Gegenstimme gew\u00e4hlt und nimmt die Wahl an. <br><br>Um die Bedeutung des Elternbeirats f\u00fcr die FRG zu betonen, ist es ebenfalls Tradition, dass der Elternbeirat eine\/n weitere\/n stellvertretende\/n Vorsitzende\/n stellt. Da die Elternbeiratswahl am RG noch nicht abgeschlossen ist, kann derzeit allerdings noch kein\/e Kandidat\/in benannt werden. Auf Antrag des Vorsitzenden wird der Vorstand ohne Gegenstimme erm\u00e4chtigt, den oder die vom neu gew\u00e4hlten Elternbeirat vorgeschlagene\/n Vertreter\/in der n\u00e4chsten Vorstandssitzung als neue\/n stellvertretende\/n Vorsitzende\/n zu best\u00e4tigen.<br><br><\/li>\n\n\n\n<li><strong>Antrag auf Gew\u00e4hrung einer Aufwandsentsch\u00e4digung <\/strong><br>Der Vorstand beantragt folgenden Beschluss der Mitgliederversammlung: Nach \u00a72 Nr. 5 der Satzung in der Fassung vom 22.10.2021 wird Frau Petra Frank f\u00fcr die Wahrnehmung ihrer Aufgaben im Rahmen der Kassenf\u00fchrung und Mitgliederverwaltung f\u00fcr das Kalenderjahre 2025 die Ehrenamtspauschale nach \u00a73 Nr. 26a EStG in H\u00f6he von 840 \u20ac gew\u00e4hrt. <br>Begr\u00fcndung: Die genannten Aufgaben sind so anspruchsvoll und umfangreich, dass hierf\u00fcr die satzungsgem\u00e4\u00df vorgesehene Aufwandsentsch\u00e4digung in voller H\u00f6he dringend geboten ist. <br>Da der Antrag und seine Begr\u00fcndung bereits mit der Einladung versandt wurden, wird keine Aussprache gew\u00fcnscht. Der Antrag wird ohne Gegenstimme angenommen.<br><br><\/li>\n\n\n\n<li><strong>Geplante Aktivit\u00e4ten<\/strong><br><strong>Inhaltliche Orientierung der FRG<\/strong> <br>Nach 20 Jahren seit ihrer Gr\u00fcndung sollten die Aufgaben, Rolle und Verankerung der FRG in der Schulfamilie grunds\u00e4tzlich bewertet und ggf. neu definiert werden. Der Vorstand wird sich bis zur MV 2025 dazu positionieren. <br><br><strong>Neue Vorstandsbesetzung <\/strong><br>Da Frau Frank und Herr Schmidt nicht mehr kandidieren werden, stehen bei den turnusgem\u00e4\u00dfen Neuwahlen in der Mitgliederversammlung 2025 f\u00fcr wichtige Vorstandsfunktionen personelle Ver\u00e4nderungen an (Vorsitz, Kasse, Mitgliederverwaltung). Der Vorstand wird Vorschl\u00e4ge zur Neubesetzung und ggf. Neustrukturierung der Aufgaben erarbeiten.<br>Beide Themen sind f\u00fcr den Fortbestand der FRG sehr wichtig und m\u00fcssen bis zur MV 2025 gekl\u00e4rt sein. <br><br><strong>Jahrestreffen 2025<\/strong> <br>Das Treffen ist f\u00fcr 24.10.2025, 19.00 Uhr, wieder in der Aula des RG angedacht. Aufgrund der M\u00f6glichkeiten im neuen Schulgeb\u00e4ude, der Entwicklung des Teilnehmer-kreises und der Altersstruktur sollte eine Neukonzeption gepr\u00fcft und erarbeitet werden. Eine AG soll das bisherige Konzept bewerten und ggf. neue Vorschl\u00e4ge vorlegen. <br><br><strong>Veranstaltungen <\/strong><br>Angedacht ist wieder eine Stadtteilf\u00fchrung Neuhausen (Geschichtswerkstatt). Themenschwerpunkt und Datum (Juni 2025?) sind noch zu kl\u00e4ren und werden vom Vorstand per Rundschreiben rechtzeitig bekannt gegeben. <br><br><strong>AHA-Projekt<\/strong> <br>Die bisherige Resonanz geht gegen Null. Zur m\u00f6glichen Fortf\u00fchrung des Projekts sollen passende Ans\u00e4tze mit Frau Werth und Herrn Butt aus dem Kollegium diskutiert werden. (s.o. inhaltliche Orientierung der FRG). <br><br><strong>Finanzielle Unterst\u00fctzung<\/strong> <br>Zur Umsetzung eines der wichtigsten Satzungsziele werden Schulfamilie und Schulprojekte selbstverst\u00e4ndlich weiterhin nach Bedarf und Kassenlage finanziell unterst\u00fctzt.<br><br><\/li>\n\n\n\n<li><strong>Sonstiges <\/strong><br>Aufgrund zeitlicher Dringlichkeit werden zwei F\u00f6rderantr\u00e4ge, die bis zur n\u00e4chsten Vorstandssitzung nicht warten k\u00f6nnen, vorgelegt: <br><br>Herr Butt beantragt f\u00fcr die <strong>SMV-Fahrt<\/strong> (22.-25.10.) finanzielle Unterst\u00fctzung. Die Unterbringungs- und Fahrkosten sind erheblich gestiegen, gleichzeitig sind die Zusch\u00fcsse durch die LHM und andere Tr\u00e4ger noch nicht gesichert. Derzeit sind ca. 700 \u20ac noch zu finanzieren, nach Eingang der F\u00f6rderung durch andere Institutionen ist eine (zumindest teilweise) R\u00fcckzahlung geplant. Die Unterst\u00fctzung i.H.v. <strong>700 \u20ac<\/strong> wird ohne Gegenstimme zugesagt. <br><br>Frau Ruf beantragt f\u00fcr eine eint\u00e4gige Fahrt der 8. Latein-Klassen zum Limes nach Wei\u00dfenburg (45 Sch\u00fcler\/innen, Ende November) einen Zuschuss zu den Buskosten. Die Eltern dieser Klassen sind durch Landheimaufenthalt\/Skilager bereits sehr belastet. Ohne Unterst\u00fctzung w\u00e4ren solche Exkursionen daher kaum zu leisten. Der Bus kostet ca. 1.000 \u20ac, vom Elternbeirat wurden bereits 300 \u20ac zugesagt. Die MV beschlie\u00dft ohne Gegenstimme einen Zuschuss i.H.v. <strong>500 \u20ac<\/strong> und bittet gleichzeitig den Elternbeirat, seinen Anteil nach M\u00f6glichkeit ebenfalls auf 500 \u20ac zu erh\u00f6hen.<br><br>Weitere Wortmeldungen liegen nicht vor.<br><br><\/li>\n\n\n\n<li><strong>Termine <\/strong><br>Die n\u00e4chste ordentliche Mitgliederversammlung findet wiederum unmittelbar vor dem n\u00e4chsten Jahrgangstreffen, am <strong>24.10.2025 um 17.30 Uhr<\/strong> statt.<br><br>Nachdem keine weiteren Wortmeldungen vorliegen, beschlie\u00dft der Vorsitzende die Versammlung um 18.25 Uhr.<br><br><br>gez.<br>Bernhard Schmidt<br>Vorsitzender und Protokollf\u00fchrer<br><\/li>\n<\/ol>\n","protected":false},"excerpt":{"rendered":"","protected":false},"author":2,"featured_media":0,"parent":0,"menu_order":0,"comment_status":"closed","ping_status":"closed","template":"","meta":{"footnotes":""},"class_list":["post-1455","page","type-page","status-publish","hentry"],"_links":{"self":[{"href":"https:\/\/rupprecht-gymnasium-foerderverein.de\/index.php?rest_route=\/wp\/v2\/pages\/1455","targetHints":{"allow":["GET"]}}],"collection":[{"href":"https:\/\/rupprecht-gymnasium-foerderverein.de\/index.php?rest_route=\/wp\/v2\/pages"}],"about":[{"href":"https:\/\/rupprecht-gymnasium-foerderverein.de\/index.php?rest_route=\/wp\/v2\/types\/page"}],"author":[{"embeddable":true,"href":"https:\/\/rupprecht-gymnasium-foerderverein.de\/index.php?rest_route=\/wp\/v2\/users\/2"}],"replies":[{"embeddable":true,"href":"https:\/\/rupprecht-gymnasium-foerderverein.de\/index.php?rest_route=%2Fwp%2Fv2%2Fcomments&post=1455"}],"version-history":[{"count":5,"href":"https:\/\/rupprecht-gymnasium-foerderverein.de\/index.php?rest_route=\/wp\/v2\/pages\/1455\/revisions"}],"predecessor-version":[{"id":1461,"href":"https:\/\/rupprecht-gymnasium-foerderverein.de\/index.php?rest_route=\/wp\/v2\/pages\/1455\/revisions\/1461"}],"wp:attachment":[{"href":"https:\/\/rupprecht-gymnasium-foerderverein.de\/index.php?rest_route=%2Fwp%2Fv2%2Fmedia&parent=1455"}],"curies":[{"name":"wp","href":"https:\/\/api.w.org\/{rel}","templated":true}]}}