{"id":161,"date":"2013-09-22T16:09:46","date_gmt":"2013-09-22T14:09:46","guid":{"rendered":"http:\/\/www.rupprecht-gymnasium-foerderverein.de\/?page_id=161"},"modified":"2014-07-27T15:32:12","modified_gmt":"2014-07-27T13:32:12","slug":"bericht-des-foerdervereins-des-rupprecht-gymnasiums-e-v-2013","status":"publish","type":"page","link":"https:\/\/rupprecht-gymnasium-foerderverein.de\/?page_id=161","title":{"rendered":"Beitrag des Vorsitzenden im Jahresbericht 2013 des RG"},"content":{"rendered":"<p>In den letzten 12 Monaten konnten wir durch eine Reihe von Ma\u00dfnahmen die Schule bzw. Sch\u00fclerinnen und Sch\u00fcler unterst\u00fctzen. Wichtig sind dabei einige Projekte, die auf Dauer angelegt sind.<\/p>\n<p>Da ist zun\u00e4chst, wie in den vergangenen Jahren auch, die \u00dcbernahme der Kosten der Schulmitgliedschaft beim Deutschen Museum. Durch die steigende Gesamtsch\u00fclerzahl steigt auch der Beitrag (in 2013 \u00fcber 660 \u20ac), aber daf\u00fcr haben alle Klassen freien Eintritt.<\/p>\n<p>Auch f\u00fcr die Sch\u00fclerzeitung \u201eeXpresso\u201c bleibt es bei der jahrelangen \u00dcbung, jede Ausgabe mit einer ganzseitigen Anzeige zu unterst\u00fctzen, unabh\u00e4ngig davon, wie h\u00e4ufig sie erscheint. Heuer hat es unseren Etat allerdings geringer belastet als bisher, nachdem im Vorjahr der \u00fcberwiegende Teil der Redaktion das Ziel Abitur erreichte.<\/p>\n<p>Im Rahmen des AHA-Projektes (Alumnis Helfen Abiturienten) bieten wir nach wie vor durch Mitglieder des FV und Ehemalige berufsberatende Gespr\u00e4che und insbesonders die Vermittlung von Praktika an.<\/p>\n<p>Und seit fast 10 Jahren pr\u00e4miert der F\u00f6rderverein jedes Jahr drei besonders herausragende Facharbeiten mit einer Pr\u00e4mie von jeweils 200 \u20ac, das sind insgesamt<br \/>\n6.000 \u20ac.<\/p>\n<p>Daneben konnten eine Reihe von Einzelma\u00dfnahmen unterst\u00fctzt werden. In erster Linie ist hierbei die Anschaffung einer Medienausstattung f\u00fcr die Mensa mit Kosten von fast genau 10.000 \u20ac zu nennen. Hierf\u00fcr haben Ehemalige allein 7.400 \u20ac an Spenden geleistet, wof\u00fcr wir als FV uns nochmals bei allen Spendern herzlich bedanken.<\/p>\n<p>F\u00fcr manchen irritierend\u00a0 bis \u00e4rgerlich ist die Tatsache, dass zwar jeder Beamte und vermutlich alle Besch\u00e4ftigten in der privaten Wirtschaft die Kosten f\u00fcr Dienstreisen ersetzt bekommen, nicht aber unsere Lehrkr\u00e4fte, wenn sie das sehr \u00fcberschaubare Vergn\u00fcgen auf sich nehmen, einer Klasse einen einw\u00f6chigen Auslandsaufenthalt zu erm\u00f6glichen. Diese Begleitpersonen, die ja dabei eine sehr hohe Verantwortung tragen, bleiben oftmals auf Reisekosten bis zu mehreren hundert Euro sitzen. Wir finden das grob unbillig und haben deshalb zusammen mit dem Elternbeirat versucht, diese Differenz weitgehend auszugleichen.<\/p>\n<p>F\u00fcr die Sch\u00fclerinnen und Sch\u00fcler der Nachmittagsbetreuung konnten kleinere Anschaffungen vorgenommen werden wie z. B. Sitzkissen, die sich gro\u00dfer Beliebtheit erfreuen.<\/p>\n<p>Auch eine Lesung durch die bekannte Jugendbuchautorin Miriam Pressler f\u00fcr die<br \/>\n6. Klassen waren wir gerne bereit zu finanzieren.<\/p>\n<p>Ein besonders erfreuliches \u2013 und gelungenes &#8211; Projekt war die Herstellung und Herausgabe eines\u00a0 Kochbuches durch das P-Seminar, wobei die Besonderheit darin liegt, dass es sich um ein zweisprachiges \u201eItalienisches Kochbuch\u201c handelt (Auflage 200, Umfang 68 Seiten). Die von Frau Legler beantragte und vom FV gerne bewilligte Vorfinanzierung hat die Erstellung des Werkes durch die M\u00e4dels der 8. Klasse erst erm\u00f6glicht. Dass die jungen Damen das von ihnen entworfene Produkt auch noch (fast) vollst\u00e4ndig verkauft haben, rundet das erfreuliche Bild ab.<\/p>\n<p>Vom Innenleben des F\u00f6rdervereins ist zun\u00e4chst \u2013 leider \u2013 zu berichten, dass unsere bisherige stellvertretende Vorsitzende Frau Jahrei\u00df-Walther, als st\u00e4ndige Vertreterin des Schulleiters das RG verlassen hat, da sie mit der Leitung eines anderen Gymnasiums beauftragt wurde. Auch wenn das f\u00fcr uns als FV wenig erfreulich ist, so gratulieren wir ihr dazu herzlich. Ihre konstruktive und zielstrebige Art hat uns sehr geholfen, daf\u00fcr auch an dieser Stelle nochmals\u00a0 besten Dank. \u2013 Erfreulicherweise ist mit Frau Voit eine Nachfolgerin zu uns gekommen, mit der sich eine sehr gute Zusammenarbeit anbahnt.<\/p>\n<p>Das Jahrestreffen der Ehemaligen am 19. 09.2012 in der Mensa war ebenso ein Erfolg wie die Mitgliederversammlung vom gleichen Tag.<\/p>\n<p>Drei F\u00fchrungen waren wieder gut besucht, durch das Schloss Schlei\u00dfheim mit unserem fr\u00fcheren Schulleiter Josef Veitenhansl, durch die Glyptothek mit unserer fr\u00fcheren Kunsterziehungslehrerin Charlotte Kosean und durch das M\u00fcnchner Rathaus mit dem Historiker und Stadtrat Dr. Reinhard Bauer.<\/p>\n<p>Besonders erfreulich ist schlie\u00dflich, dass heuer zum ersten Mal eine gr\u00f6\u00dfere Anzahl von Absolventinnen und Absolventen den Beitritt zum F\u00f6rderverein erkl\u00e4rt haben.<\/p>\n<p>Das ist ein weiteres Zeichen daf\u00fcr, dass sich der Verein zunehmend im Bewusstsein der Schulfamilie etabliert. Wenn die Wertsch\u00e4tzung unserer Ziele und Angebote sogar eine kleine Beitrittswelle im Abiturjahrgang ausl\u00f6st, sehen wir uns zus\u00e4tzlich ermutigt, das Wir-Gef\u00fchl am Rupprecht-Gymnasium weiter zu st\u00e4rken.<\/p>\n<p>Nicht zuletzt wegen dieser positiven Entwicklung freuen wir uns auf den 8. M\u00e4rz 2014, das 10j\u00e4hrige Gr\u00fcndungsjubil\u00e4um unseres F\u00f6rdervereins.<\/p>\n<p>Rainer Volkmann<br \/>\nVorsitzender<\/p>\n<p><a title=\"Jahresbericht 2012\" href=\"http:\/\/www.rupprecht-gymnasium-foerderverein.de\/wp-content\/uploads\/2013\/06\/Jahresbericht-Beitrag-F%C3%B6rderverein-1306.pdf\" target=\"_blank\">Download des Jahresberichts als PDF-Datei<\/a><\/p>\n","protected":false},"excerpt":{"rendered":"<p>In den letzten 12 Monaten konnten wir durch eine Reihe von Ma\u00dfnahmen die Schule bzw. Sch\u00fclerinnen und Sch\u00fcler unterst\u00fctzen. Wichtig sind dabei einige Projekte, die auf Dauer angelegt sind. Da ist zun\u00e4chst, wie in den vergangenen Jahren auch, die \u00dcbernahme &hellip; <a href=\"https:\/\/rupprecht-gymnasium-foerderverein.de\/?page_id=161\">Weiterlesen <span class=\"meta-nav\">&rarr;<\/span><\/a><\/p>\n","protected":false},"author":2,"featured_media":0,"parent":48,"menu_order":0,"comment_status":"closed","ping_status":"closed","template":"","meta":{"footnotes":""},"class_list":["post-161","page","type-page","status-publish","hentry"],"_links":{"self":[{"href":"https:\/\/rupprecht-gymnasium-foerderverein.de\/index.php?rest_route=\/wp\/v2\/pages\/161","targetHints":{"allow":["GET"]}}],"collection":[{"href":"https:\/\/rupprecht-gymnasium-foerderverein.de\/index.php?rest_route=\/wp\/v2\/pages"}],"about":[{"href":"https:\/\/rupprecht-gymnasium-foerderverein.de\/index.php?rest_route=\/wp\/v2\/types\/page"}],"author":[{"embeddable":true,"href":"https:\/\/rupprecht-gymnasium-foerderverein.de\/index.php?rest_route=\/wp\/v2\/users\/2"}],"replies":[{"embeddable":true,"href":"https:\/\/rupprecht-gymnasium-foerderverein.de\/index.php?rest_route=%2Fwp%2Fv2%2Fcomments&post=161"}],"version-history":[{"count":4,"href":"https:\/\/rupprecht-gymnasium-foerderverein.de\/index.php?rest_route=\/wp\/v2\/pages\/161\/revisions"}],"predecessor-version":[{"id":379,"href":"https:\/\/rupprecht-gymnasium-foerderverein.de\/index.php?rest_route=\/wp\/v2\/pages\/161\/revisions\/379"}],"up":[{"embeddable":true,"href":"https:\/\/rupprecht-gymnasium-foerderverein.de\/index.php?rest_route=\/wp\/v2\/pages\/48"}],"wp:attachment":[{"href":"https:\/\/rupprecht-gymnasium-foerderverein.de\/index.php?rest_route=%2Fwp%2Fv2%2Fmedia&parent=161"}],"curies":[{"name":"wp","href":"https:\/\/api.w.org\/{rel}","templated":true}]}}