{"id":411,"date":"2014-11-26T15:37:53","date_gmt":"2014-11-26T13:37:53","guid":{"rendered":"http:\/\/www.rupprecht-gymnasium-freunde.de\/?page_id=411"},"modified":"2014-11-26T15:42:27","modified_gmt":"2014-11-26T13:42:27","slug":"so-fing-es-an","status":"publish","type":"page","link":"https:\/\/rupprecht-gymnasium-foerderverein.de\/?page_id=411","title":{"rendered":"So fing alles an &#8230;"},"content":{"rendered":"<p>Miteinander etwas bewegen: Das hat sich der F\u00f6rderverein Rupprecht-Gymnasium M\u00fcnchen e.V. vorgenommen, der am 08. M\u00e4rz 2004 gegr\u00fcndet wurde. In ihm arbeiten Lehrer und Sch\u00fcler, Eltern, ehemalige Absolventen des Neuhauser Traditions-Gymnasiums und der Landheim-Verein zusammen.<br \/>\nZum Vorsitzenden wurde Rainer Volkmann, Mitglied des Bayerischen Landtags, gew\u00e4hlt. Die Gr\u00fcndungsmitglieder kommen aus der Schulleitung und dem Elternbeirat, ebenso wie aus der Sch\u00fclermitverantwortung, dem Landheim-Verein und der Studiengemeinschaft &#8222;Rupprechtia&#8220;, der Vereinigung von ehemaligen Sch\u00fclern.<\/p>\n<div id=\"attachment_417\" style=\"width: 310px\" class=\"wp-caption aligncenter\"><a href=\"http:\/\/www.rupprecht-gymnasium-freunde.de\/wp-content\/uploads\/2014\/11\/foerderverein1.jpg\"><img loading=\"lazy\" decoding=\"async\" aria-describedby=\"caption-attachment-417\" class=\"size-medium wp-image-417\" src=\"http:\/\/www.rupprecht-gymnasium-freunde.de\/wp-content\/uploads\/2014\/11\/foerderverein1-300x171.jpg\" alt=\"Gr\u00fcndungsfoto\" width=\"300\" height=\"171\" srcset=\"https:\/\/rupprecht-gymnasium-foerderverein.de\/wp-content\/uploads\/2014\/11\/foerderverein1-300x171.jpg 300w, https:\/\/rupprecht-gymnasium-foerderverein.de\/wp-content\/uploads\/2014\/11\/foerderverein1.jpg 632w\" sizes=\"auto, (max-width: 300px) 100vw, 300px\" \/><\/a><p id=\"caption-attachment-417\" class=\"wp-caption-text\">Gr\u00fcndungsfoto<\/p><\/div>\n<p>Rainer Volkmann hat selbst das Rupprecht-Gymnasium besucht und 1962 dort das Abitur<br \/>\ngemacht. Dass er zum Vorsitzenden des Vereins gew\u00e4hlt wurde, empfindet er als Ehre, den Verein selbst als Notwendigkeit. &#8222;Wir wollen uns vor allem darum k\u00fcmmern, dass nachmittags eine Hausaufgabenbetreuung stattfindet, besonders f\u00fcr die f\u00fcnfte Jahrgangsstufe&#8220;, erkl\u00e4ren die Vorsitzenden. Der Verein soll zudem den Elternbeirat unterst\u00fctzen, ganz oder teilweise notwendige Lehr- und Lernmittel finanzieren und Schule oder Sch\u00fclern Veranstaltungen erm\u00f6glichen.<br \/>\nAuch hat sich der neue Verein vorgenommen, die r\u00e4umliche Situation zu verbessern. 2011 steht die 100-Jahres-Feier des Rupprecht-Gymnasiums an, und die Verantwortlichen des F\u00f6rdervereins hoffen, dass bis dahin insbesonders eine Aula gebaut wird. Ein weiteres Ziel ist es, die Schulgemeinschaft zu f\u00f6rdern und den Kontakt zwischen den aktiven und ehemaligen Angeh\u00f6rigen zu unterst\u00fctzen.<br \/>\nUnd noch eines liegt dem Vorstand am Herzen: Auslandskontakte sollen erm\u00f6glicht werden, um die internationale Verst\u00e4ndigung zu vertiefen.<\/p>\n","protected":false},"excerpt":{"rendered":"<p>Miteinander etwas bewegen: Das hat sich der F\u00f6rderverein Rupprecht-Gymnasium M\u00fcnchen e.V. vorgenommen, der am 08. M\u00e4rz 2004 gegr\u00fcndet wurde. In ihm arbeiten Lehrer und Sch\u00fcler, Eltern, ehemalige Absolventen des Neuhauser Traditions-Gymnasiums und der Landheim-Verein zusammen. Zum Vorsitzenden wurde Rainer Volkmann, &hellip; <a href=\"https:\/\/rupprecht-gymnasium-foerderverein.de\/?page_id=411\">Weiterlesen <span class=\"meta-nav\">&rarr;<\/span><\/a><\/p>\n","protected":false},"author":2,"featured_media":0,"parent":7,"menu_order":0,"comment_status":"closed","ping_status":"closed","template":"","meta":{"footnotes":""},"class_list":["post-411","page","type-page","status-publish","hentry"],"_links":{"self":[{"href":"https:\/\/rupprecht-gymnasium-foerderverein.de\/index.php?rest_route=\/wp\/v2\/pages\/411","targetHints":{"allow":["GET"]}}],"collection":[{"href":"https:\/\/rupprecht-gymnasium-foerderverein.de\/index.php?rest_route=\/wp\/v2\/pages"}],"about":[{"href":"https:\/\/rupprecht-gymnasium-foerderverein.de\/index.php?rest_route=\/wp\/v2\/types\/page"}],"author":[{"embeddable":true,"href":"https:\/\/rupprecht-gymnasium-foerderverein.de\/index.php?rest_route=\/wp\/v2\/users\/2"}],"replies":[{"embeddable":true,"href":"https:\/\/rupprecht-gymnasium-foerderverein.de\/index.php?rest_route=%2Fwp%2Fv2%2Fcomments&post=411"}],"version-history":[{"count":8,"href":"https:\/\/rupprecht-gymnasium-foerderverein.de\/index.php?rest_route=\/wp\/v2\/pages\/411\/revisions"}],"predecessor-version":[{"id":421,"href":"https:\/\/rupprecht-gymnasium-foerderverein.de\/index.php?rest_route=\/wp\/v2\/pages\/411\/revisions\/421"}],"up":[{"embeddable":true,"href":"https:\/\/rupprecht-gymnasium-foerderverein.de\/index.php?rest_route=\/wp\/v2\/pages\/7"}],"wp:attachment":[{"href":"https:\/\/rupprecht-gymnasium-foerderverein.de\/index.php?rest_route=%2Fwp%2Fv2%2Fmedia&parent=411"}],"curies":[{"name":"wp","href":"https:\/\/api.w.org\/{rel}","templated":true}]}}